{"id":4729,"date":"2017-06-23T23:05:48","date_gmt":"2017-06-23T23:05:48","guid":{"rendered":"http:\/\/thepropertyagent.es\/properties-search"},"modified":"2026-03-24T14:17:15","modified_gmt":"2026-03-24T14:17:15","slug":"properties-search","status":"publish","type":"page","link":"https:\/\/thepropertyagent.es\/es\/properties-search\/","title":{"rendered":"Propiedades encontradas"},"content":{"rendered":"<div class=\"wpb-content-wrapper\"><p>[vc_row][vc_column][vc_column_text css=\u00bb\u00bb]<\/p>\n<h1 style=\"font-size: 2rem; color: grey;\">Explora m\u00e1s de 800+ nuevos inmuebles en la Costa del Sol<\/h1>\n<p>Tu b\u00fasqueda de las mejores propiedades en venta en la Costa del Sol empieza aqu\u00ed.<\/p>\n<h2>Encuentra propiedades en venta en la Costa del Sol, Espa\u00f1a<\/h2>\n<p>Durante muchas d\u00e9cadas, la gente se ha sentido atra\u00edda por la belleza de la Costa del Sol. Situada en la costa sur de Espa\u00f1a, esta regi\u00f3n es conocida por sus playas naturales y su vibrante ambiente mediterr\u00e1neo. Ya sea que busques una casa de vacaciones o una residencia permanente, hay una gran variedad de excelentes <strong>promociones inmobiliarias en venta en la Costa del Sol<\/strong>. Veamos qu\u00e9 debes tener en cuenta al buscar la propiedad perfecta.<\/p>\n<h3>Buscar propiedades en la Costa del Sol: Gu\u00eda r\u00e1pida<\/h3>\n<p><strong>Ubicaci\u00f3n:<\/strong> Una de las primeras cosas a considerar al comprar una propiedad en la Costa del Sol es d\u00f3nde est\u00e1 tu ubicaci\u00f3n ideal. \u00bfBuscas una villa en primera l\u00ednea de playa? \u00bfO quiz\u00e1 prefieres algo m\u00e1s hacia el interior, cerca de alguno de los encantadores pueblos que salpican el paisaje? La ubicaci\u00f3n juega un papel fundamental para encontrar tu hogar perfecto, as\u00ed que tenlo presente mientras buscas. Nuestra web ofrece gu\u00edas completas de las principales zonas de la Costa del Sol.<\/p>\n<p><strong>Presupuesto:<\/strong> Otro factor importante es tu presupuesto. Los precios inmobiliarios var\u00edan mucho seg\u00fan el tama\u00f1o y la ubicaci\u00f3n, por lo que es importante establecer un presupuesto realista antes de empezar a buscar. Investiga los precios medios en diferentes \u00e1reas para saber qu\u00e9 tipo de propiedades encajan dentro de tu rango. Nuestros expertos publican con frecuencia informes de mercado sobre las tendencias actuales en los precios de la Costa del Sol para ayudarte a tomar una decisi\u00f3n informada.<\/p>\n<p><strong>Servicios y comodidades:<\/strong> Por \u00faltimo, piensa en qu\u00e9 servicios necesitas o deseas en tu nuevo hogar. \u00bfEs imprescindible para ti tener piscina? \u00bfNecesitas un jard\u00edn de bajo mantenimiento con f\u00e1cil acceso a tiendas y restaurantes? \u00bfPrefieres el ambiente animado de un resort cercano o un entorno m\u00e1s tranquilo? \u00bfDebe haber colegios pr\u00f3ximos para los ni\u00f1os? Considera qu\u00e9 caracter\u00edsticas har\u00e1n tu vida diaria m\u00e1s c\u00f3moda una vez te mudes, y utiliza esa informaci\u00f3n para acotar tu b\u00fasqueda.<\/p>\n<h2>Explora las propiedades de la Costa del Sol por ubicaci\u00f3n:<\/h2>\n<ul>\n<li><a href=\"https:\/\/thepropertyagent.es\/es\/property-city\/sotogrande-es\/\">Nuevas propiedades en Sotogrande<\/a>: Este punto de Andaluc\u00eda es uno de los m\u00e1s exclusivos de la costa. Entorno de lujo, playa, naturaleza, monta\u00f1a, actividades deportivas y una esencia dif\u00edcil de igualar. Una zona residencial exquisita que se ha convertido en uno de los lugares m\u00e1s exclusivos de Europa.<\/li>\n<li><a href=\"https:\/\/thepropertyagent.es\/es\/property-city\/estepona-es\/\">Nuevas propiedades en Estepona<\/a>: Si est\u00e1s pensando en mudarte al sur de Espa\u00f1a, Estepona debe estar en tu lista. El centro hist\u00f3rico atrae a mucha gente y tambi\u00e9n existe una gran demanda por las urbanizaciones situadas en la periferia. Conocida como el \u201cJard\u00edn de la Costa del Sol\u201d, es una zona en r\u00e1pido crecimiento con gran potencial.<\/li>\n<li><a href=\"https:\/\/thepropertyagent.es\/es\/property-city\/manilva-es\/\">Nuevas propiedades en Manilva<\/a>: El municipio de Manilva y sus zonas costeras como Sabinillas ofrecen un escenario muy interesante para una vida de calidad y nuevas \u00e1reas residenciales. Algunos de los puntos clave aqu\u00ed tienen una gran relaci\u00f3n calidad-precio, y las zonas de Chullera y Bah\u00edas Las Rocas presumen de impresionantes vistas al mar.<\/li>\n<li><a href=\"https:\/\/thepropertyagent.es\/es\/property-city\/benahavis-es\/\">Nuevas propiedades en Benahavis<\/a>: Esta regi\u00f3n del oeste de la Costa del Sol sintetiza la belleza de los pueblos blancos y sus estrechas calles, con una excelente infraestructura moderna. Viviendas prestigiosas, colegios de calidad, magn\u00edficos campos de golf, un entorno natural \u00fanico y vistas espectaculares del Mediterr\u00e1neo.<\/li>\n<li><a href=\"https:\/\/thepropertyagent.es\/es\/property-city\/casares-es\/\">Nuevas propiedades en Casares<\/a>: El peque\u00f1o pueblo de Casares es considerado uno de los lugares m\u00e1s encantadores de la provincia de M\u00e1laga. El antiguo casco urbano tiene una atm\u00f3sfera espa\u00f1ola aut\u00e9ntica y tambi\u00e9n es una zona muy popular para nuevas construcciones, incluyendo el singular desarrollo Alcazaba Lagoon.<\/li>\n<li><a href=\"https:\/\/thepropertyagent.es\/area-guide\/marbella\/\">Nuevas propiedades en Marbella<\/a>: Caracterizada por su prestigio y estilo de vida glamuroso, Marbella alberga a algunos de los residentes m\u00e1s adinerados de Europa y ofrece servicios de la m\u00e1s alta calidad. Mansiones lujosas, urbanizaciones privadas, los mejores beach clubs, compras de lujo, gastronom\u00eda de primer nivel y mucho m\u00e1s: Marbella lo tiene todo.<\/li>\n<li><a href=\"https:\/\/thepropertyagent.es\/es\/property-city\/alcaidesa-es\/\">Nuevas propiedades en La Alcaidesa<\/a> Encantadora localidad costera, reconocida por sus playas v\u00edrgenes, aguas azul turquesa y una belleza natural impresionante. Ofrece una escapada tranquila tanto para residentes como para turistas. Con sus campos de golf bien cuidados, zonas residenciales de alto nivel y variedad de actividades, La Alcaidesa atrae a quienes buscan relajaci\u00f3n y aventuras al aire libre en un entorno id\u00edlico.<\/li>\n<li><a href=\"https:\/\/thepropertyagent.es\/es\/property-city\/la-duquesa\/\">Nuevas propiedades en La Duquesa<\/a> Con su pintoresco puerto deportivo y un ambiente vibrante, desprende un encanto mediterr\u00e1neo \u00fanico. La Duquesa es conocida por sus impresionantes yates, restaurantes junto al mar y animada vida nocturna.<\/li>\n<li><a href=\"https:\/\/thepropertyagent.es\/es\/property-city\/san-roque-club\/\">Nuevas propiedades en San Roque Club<\/a> Conocido por sus campos de golf de clase mundial y servicios de lujo, ofrece un estilo de vida inigualable para los amantes del golf y quienes buscan una experiencia residencial refinada. Elegantes villas y apartamentos proporcionan acceso exclusivo a las instalaciones del club, vistas impresionantes y un ambiente comunitario sofisticado.<\/li>\n<\/ul>\n<p>&nbsp;<\/p>\n<p>Encontrar la propiedad adecuada puede ser dif\u00edcil, pero al final muy gratificante. Con un clima magn\u00edfico durante todo el a\u00f1o, playas preciosas y multitud de servicios, la Costa del Sol tiene algo para todos. Ten en cuenta estos consejos mientras exploras todo lo que esta incre\u00edble regi\u00f3n ofrece\u2014\u00a1no te arrepentir\u00e1s! Ya sea que busques una casa de vacaciones como inversi\u00f3n o una residencia permanente, encontrar la propiedad ideal en la <strong>Costa del Sol<\/strong> ser\u00e1 una aventura emocionante.[\/vc_column_text][\/vc_column][\/vc_row]<\/p>\n<\/div>","protected":false},"excerpt":{"rendered":"<p>[vc_row][vc_column][vc_column_text css=\u00bb\u00bb] Explora m\u00e1s de 800+ nuevos inmuebles en la Costa del Sol Tu b\u00fasqueda de las mejores propiedades en venta en la Costa del Sol empieza aqu\u00ed. Encuentra propiedades en venta en la Costa del Sol, Espa\u00f1a Durante muchas d\u00e9cadas, la gente se ha sentido atra\u00edda por la belleza de la Costa del Sol&#8230;.<\/p>\n","protected":false},"author":1,"featured_media":0,"parent":0,"menu_order":0,"comment_status":"open","ping_status":"closed","template":"templates\/template-search.php","meta":{"_acf_changed":false,"footnotes":""},"class_list":["post-4729","page","type-page","status-publish","hentry"],"acf":[],"yoast_head":"<!-- This site is optimized with the Yoast SEO plugin v25.6 - https:\/\/yoast.com\/wordpress\/plugins\/seo\/ -->\n<title>Propiedades en venta en Costa del Sol | The Property Agent<\/title>\n<meta name=\"description\" content=\"Busca villas, apartamentos y \u00e1ticos en venta en Costa del Sol. Filtra por zona, tipo de propiedad, precio y estilo de vida.\" \/>\n<meta name=\"robots\" content=\"index, follow, max-snippet:-1, max-image-preview:large, max-video-preview:-1\" \/>\n<link rel=\"canonical\" href=\"https:\/\/thepropertyagent.es\/es\/properties-search\/\" \/>\n<meta property=\"og:locale\" content=\"es_ES\" \/>\n<meta property=\"og:type\" content=\"article\" \/>\n<meta property=\"og:title\" content=\"Propiedades en venta en Costa del Sol | The Property Agent\" \/>\n<meta property=\"og:description\" content=\"Busca villas, apartamentos y \u00e1ticos en venta en Costa del Sol. Filtra por zona, tipo de propiedad, precio y estilo de vida.\" \/>\n<meta property=\"og:url\" content=\"https:\/\/thepropertyagent.es\/es\/properties-search\/\" \/>\n<meta property=\"og:site_name\" content=\"New Build &amp; Off-Plan Costa del Sol | The Property Agent\" \/>\n<meta property=\"article:publisher\" content=\"https:\/\/www.facebook.com\/celestealonsothepropertyagent\/?ref=aymt_homepage_panel\" \/>\n<meta property=\"article:modified_time\" content=\"2026-03-24T14:17:15+00:00\" \/>\n<meta name=\"twitter:card\" content=\"summary_large_image\" \/>\n<meta name=\"twitter:site\" content=\"@Celeste_Alonso1\" \/>\n<meta name=\"twitter:label1\" content=\"Tiempo de lectura\" \/>\n\t<meta name=\"twitter:data1\" content=\"4 minutos\" \/>\n<script type=\"application\/ld+json\" class=\"yoast-schema-graph\">{\"@context\":\"https:\/\/schema.org\",\"@graph\":[{\"@type\":\"WebPage\",\"@id\":\"https:\/\/thepropertyagent.es\/es\/properties-search\/\",\"url\":\"https:\/\/thepropertyagent.es\/es\/properties-search\/\",\"name\":\"Propiedades en venta en Costa del Sol | The Property Agent\",\"isPartOf\":{\"@id\":\"https:\/\/thepropertyagent.es\/es\/#website\"},\"datePublished\":\"2017-06-23T23:05:48+00:00\",\"dateModified\":\"2026-03-24T14:17:15+00:00\",\"description\":\"Busca villas, apartamentos y \u00e1ticos en venta en Costa del Sol. Filtra por zona, tipo de propiedad, precio y estilo de vida.\",\"breadcrumb\":{\"@id\":\"https:\/\/thepropertyagent.es\/es\/properties-search\/#breadcrumb\"},\"inLanguage\":\"es\",\"potentialAction\":[{\"@type\":\"ReadAction\",\"target\":[\"https:\/\/thepropertyagent.es\/es\/properties-search\/\"]}]},{\"@type\":\"BreadcrumbList\",\"@id\":\"https:\/\/thepropertyagent.es\/es\/properties-search\/#breadcrumb\",\"itemListElement\":[{\"@type\":\"ListItem\",\"position\":1,\"name\":\"Home\",\"item\":\"https:\/\/thepropertyagent.es\/es\/\"},{\"@type\":\"ListItem\",\"position\":2,\"name\":\"Propiedades encontradas\"}]},{\"@type\":\"WebSite\",\"@id\":\"https:\/\/thepropertyagent.es\/es\/#website\",\"url\":\"https:\/\/thepropertyagent.es\/es\/\",\"name\":\"New Build &amp; Off-Plan Costa del Sol | The Property Agent\",\"description\":\"New &amp; off-plan luxury properties for sale in Costa del Sol, Spain\",\"publisher\":{\"@id\":\"https:\/\/thepropertyagent.es\/es\/#organization\"},\"potentialAction\":[{\"@type\":\"SearchAction\",\"target\":{\"@type\":\"EntryPoint\",\"urlTemplate\":\"https:\/\/thepropertyagent.es\/es\/?s={search_term_string}\"},\"query-input\":{\"@type\":\"PropertyValueSpecification\",\"valueRequired\":true,\"valueName\":\"search_term_string\"}}],\"inLanguage\":\"es\"},{\"@type\":\"Organization\",\"@id\":\"https:\/\/thepropertyagent.es\/es\/#organization\",\"name\":\"The Property Agent\",\"url\":\"https:\/\/thepropertyagent.es\/es\/\",\"logo\":{\"@type\":\"ImageObject\",\"inLanguage\":\"es\",\"@id\":\"https:\/\/thepropertyagent.es\/es\/#\/schema\/logo\/image\/\",\"url\":\"https:\/\/thepropertyagent.es\/wp-content\/uploads\/2018\/02\/profile-picture.jpg\",\"contentUrl\":\"https:\/\/thepropertyagent.es\/wp-content\/uploads\/2018\/02\/profile-picture.jpg\",\"width\":500,\"height\":500,\"caption\":\"The Property Agent\"},\"image\":{\"@id\":\"https:\/\/thepropertyagent.es\/es\/#\/schema\/logo\/image\/\"},\"sameAs\":[\"https:\/\/www.facebook.com\/celestealonsothepropertyagent\/?ref=aymt_homepage_panel\",\"https:\/\/x.com\/Celeste_Alonso1\",\"https:\/\/www.instagram.com\/celestealonso78\/\",\"https:\/\/www.linkedin.com\/in\/celeste-alonso-866b531b\/\",\"https:\/\/www.youtube.com\/channel\/UC1Bdro4vrCVwSfMkBUcg9gA\"]}]}<\/script>\n<!-- \/ Yoast SEO plugin. -->","yoast_head_json":{"title":"Propiedades en venta en Costa del Sol | The Property Agent","description":"Busca villas, apartamentos y \u00e1ticos en venta en Costa del Sol. Filtra por zona, tipo de propiedad, precio y estilo de vida.","robots":{"index":"index","follow":"follow","max-snippet":"max-snippet:-1","max-image-preview":"max-image-preview:large","max-video-preview":"max-video-preview:-1"},"canonical":"https:\/\/thepropertyagent.es\/es\/properties-search\/","og_locale":"es_ES","og_type":"article","og_title":"Propiedades en venta en Costa del Sol | The Property Agent","og_description":"Busca villas, apartamentos y \u00e1ticos en venta en Costa del Sol. Filtra por zona, tipo de propiedad, precio y estilo de vida.","og_url":"https:\/\/thepropertyagent.es\/es\/properties-search\/","og_site_name":"New Build &amp; Off-Plan Costa del Sol | The Property Agent","article_publisher":"https:\/\/www.facebook.com\/celestealonsothepropertyagent\/?ref=aymt_homepage_panel","article_modified_time":"2026-03-24T14:17:15+00:00","twitter_card":"summary_large_image","twitter_site":"@Celeste_Alonso1","twitter_misc":{"Tiempo de lectura":"4 minutos"},"schema":{"@context":"https:\/\/schema.org","@graph":[{"@type":"WebPage","@id":"https:\/\/thepropertyagent.es\/es\/properties-search\/","url":"https:\/\/thepropertyagent.es\/es\/properties-search\/","name":"Propiedades en venta en Costa del Sol | The Property Agent","isPartOf":{"@id":"https:\/\/thepropertyagent.es\/es\/#website"},"datePublished":"2017-06-23T23:05:48+00:00","dateModified":"2026-03-24T14:17:15+00:00","description":"Busca villas, apartamentos y \u00e1ticos en venta en Costa del Sol. Filtra por zona, tipo de propiedad, precio y estilo de vida.","breadcrumb":{"@id":"https:\/\/thepropertyagent.es\/es\/properties-search\/#breadcrumb"},"inLanguage":"es","potentialAction":[{"@type":"ReadAction","target":["https:\/\/thepropertyagent.es\/es\/properties-search\/"]}]},{"@type":"BreadcrumbList","@id":"https:\/\/thepropertyagent.es\/es\/properties-search\/#breadcrumb","itemListElement":[{"@type":"ListItem","position":1,"name":"Home","item":"https:\/\/thepropertyagent.es\/es\/"},{"@type":"ListItem","position":2,"name":"Propiedades encontradas"}]},{"@type":"WebSite","@id":"https:\/\/thepropertyagent.es\/es\/#website","url":"https:\/\/thepropertyagent.es\/es\/","name":"New Build &amp; Off-Plan Costa del Sol | The Property Agent","description":"New &amp; off-plan luxury properties for sale in Costa del Sol, Spain","publisher":{"@id":"https:\/\/thepropertyagent.es\/es\/#organization"},"potentialAction":[{"@type":"SearchAction","target":{"@type":"EntryPoint","urlTemplate":"https:\/\/thepropertyagent.es\/es\/?s={search_term_string}"},"query-input":{"@type":"PropertyValueSpecification","valueRequired":true,"valueName":"search_term_string"}}],"inLanguage":"es"},{"@type":"Organization","@id":"https:\/\/thepropertyagent.es\/es\/#organization","name":"The Property Agent","url":"https:\/\/thepropertyagent.es\/es\/","logo":{"@type":"ImageObject","inLanguage":"es","@id":"https:\/\/thepropertyagent.es\/es\/#\/schema\/logo\/image\/","url":"https:\/\/thepropertyagent.es\/wp-content\/uploads\/2018\/02\/profile-picture.jpg","contentUrl":"https:\/\/thepropertyagent.es\/wp-content\/uploads\/2018\/02\/profile-picture.jpg","width":500,"height":500,"caption":"The Property Agent"},"image":{"@id":"https:\/\/thepropertyagent.es\/es\/#\/schema\/logo\/image\/"},"sameAs":["https:\/\/www.facebook.com\/celestealonsothepropertyagent\/?ref=aymt_homepage_panel","https:\/\/x.com\/Celeste_Alonso1","https:\/\/www.instagram.com\/celestealonso78\/","https:\/\/www.linkedin.com\/in\/celeste-alonso-866b531b\/","https:\/\/www.youtube.com\/channel\/UC1Bdro4vrCVwSfMkBUcg9gA"]}]}},"_links":{"self":[{"href":"https:\/\/thepropertyagent.es\/es\/wp-json\/wp\/v2\/pages\/4729","targetHints":{"allow":["GET"]}}],"collection":[{"href":"https:\/\/thepropertyagent.es\/es\/wp-json\/wp\/v2\/pages"}],"about":[{"href":"https:\/\/thepropertyagent.es\/es\/wp-json\/wp\/v2\/types\/page"}],"author":[{"embeddable":true,"href":"https:\/\/thepropertyagent.es\/es\/wp-json\/wp\/v2\/users\/1"}],"replies":[{"embeddable":true,"href":"https:\/\/thepropertyagent.es\/es\/wp-json\/wp\/v2\/comments?post=4729"}],"version-history":[{"count":0,"href":"https:\/\/thepropertyagent.es\/es\/wp-json\/wp\/v2\/pages\/4729\/revisions"}],"wp:attachment":[{"href":"https:\/\/thepropertyagent.es\/es\/wp-json\/wp\/v2\/media?parent=4729"}],"curies":[{"name":"wp","href":"https:\/\/api.w.org\/{rel}","templated":true}]}}