{"id":4723,"date":"2017-08-11T16:02:50","date_gmt":"2017-08-11T16:02:50","guid":{"rendered":"http:\/\/thepropertyagent.es\/area-guides"},"modified":"2026-03-24T14:10:03","modified_gmt":"2026-03-24T14:10:03","slug":"area-guides","status":"publish","type":"page","link":"https:\/\/thepropertyagent.es\/es\/area-guides\/","title":{"rendered":"Gu\u00eda de zonas"},"content":{"rendered":"<div class=\"wpb-content-wrapper\"><p>[vc_row][vc_column][vc_column_text el_class=\u00bbsection-title\u00bb css=\u00bb.vc_custom_1517649448685{margin-top: -28px !important;}\u00bb]<div class=\"area-guide\"><h1>Gu\u00eda de zonas<\/h1><div class=\"row\"><div class=\"col-md-6 odd\"><div class=\"item\"><div class=\"post-thumbnail\" style=\"background-image:url(https:\/\/thepropertyagent.es\/wp-content\/uploads\/2022\/03\/marbella-property-for-sale-and-area-guide-400x300.jpg)\"><\/div><div class=\"excerpt\"><div class=\"title\"><a href=\"https:\/\/thepropertyagent.es\/es\/area-guide\/marbella\/\"><h2>Marbella<\/h2><\/a><\/div><p>Conoce las zonas alrededor de Marbella y obt\u00e9n consejos \u00fatiles sobre el segmento de lujo del mercado inmobiliario en la Costa del Sol.<\/p><a href=\"https:\/\/thepropertyagent.es\/es\/area-guide\/marbella\/\" style=\"padding:5px 15px 5px;\" class=\"vc_gitem-link vc_general vc_btn3 vc_btn3-size-md vc_btn3-shape-square vc_btn3-style-flat vc_btn3-color-danger\">M\u00e1s informaci\u00f3n<\/a><\/div><\/div><\/div><div class=\"col-md-6 even\"><div class=\"item\"><div class=\"post-thumbnail\" style=\"background-image:url(https:\/\/thepropertyagent.es\/wp-content\/uploads\/2017\/08\/Puerto-de-Sotogrande-Large-400x300.jpg)\"><\/div><div class=\"excerpt\"><div class=\"title\"><a href=\"https:\/\/thepropertyagent.es\/es\/area-guide\/sotogrande\/\"><h2>Sotogrande<\/h2><\/a><\/div><p>Conoce aqu\u00ed todo sobre Sotogrande. Desde campos de golf y polo, hasta clubes de playa y restaurantes de lujo, descubra por qu\u00e9 la gente quiere vivir aqu\u00ed. <\/p><a href=\"https:\/\/thepropertyagent.es\/es\/area-guide\/sotogrande\/\" style=\"padding:5px 15px 5px;\" class=\"vc_gitem-link vc_general vc_btn3 vc_btn3-size-md vc_btn3-shape-square vc_btn3-style-flat vc_btn3-color-danger\">M\u00e1s informaci\u00f3n<\/a><\/div><\/div><\/div><div class=\"col-md-6 odd\"><div class=\"item\"><div class=\"post-thumbnail\" style=\"background-image:url(https:\/\/thepropertyagent.es\/wp-content\/uploads\/2017\/08\/cover-4-400x300.jpg)\"><\/div><div class=\"excerpt\"><div class=\"title\"><a href=\"https:\/\/thepropertyagent.es\/es\/area-guide\/san-roque-club\/\"><h2>San Roque Club<\/h2><\/a><\/div><p>San Roque Club es una urbanizaci\u00f3n privada que se caracteriza por su elegante arquitectura y la maravillosa naturaleza que la rodea, formada por suaves colinas y ancianos bosques... <\/p><a href=\"https:\/\/thepropertyagent.es\/es\/area-guide\/san-roque-club\/\" style=\"padding:5px 15px 5px;\" class=\"vc_gitem-link vc_general vc_btn3 vc_btn3-size-md vc_btn3-shape-square vc_btn3-style-flat vc_btn3-color-danger\">M\u00e1s informaci\u00f3n<\/a><\/div><\/div><\/div><div class=\"col-md-6 even\"><div class=\"item\"><div class=\"post-thumbnail\" style=\"background-image:url(https:\/\/thepropertyagent.es\/wp-content\/uploads\/2017\/08\/THE-PROPERTY-AGENT-MARINA-ALCAIDESA-3-400x300.jpg)\"><\/div><div class=\"excerpt\"><div class=\"title\"><a href=\"https:\/\/thepropertyagent.es\/es\/area-guide\/la-alcaidesa\/\"><h2>La Alcaidesa<\/h2><\/a><\/div><p>La Alcaidesa es una zona llena de vida donde la naturaleza, las vistas al mar, la seguridad y el golf se mezclan en una de las mejores zonas de Andaluc\u00eda. <\/p><a href=\"https:\/\/thepropertyagent.es\/es\/area-guide\/la-alcaidesa\/\" style=\"padding:5px 15px 5px;\" class=\"vc_gitem-link vc_general vc_btn3 vc_btn3-size-md vc_btn3-shape-square vc_btn3-style-flat vc_btn3-color-danger\">M\u00e1s informaci\u00f3n<\/a><\/div><\/div><\/div><div class=\"col-md-6 odd\"><div class=\"item\"><div class=\"post-thumbnail\" style=\"background-image:url(https:\/\/thepropertyagent.es\/wp-content\/uploads\/2017\/08\/Benahavis-400x300.jpg)\"><\/div><div class=\"excerpt\"><div class=\"title\"><a href=\"https:\/\/thepropertyagent.es\/es\/area-guide\/benahavis\/\"><h2>Benahavis<\/h2><\/a><\/div><p>Benahav\u00eds, es uno de esos pintorescos \u201cPueblos Blancos\u201d que parece sacado de un cuento. Es un para\u00edso para quienes les apasione el golf, la naturaleza...<\/p><a href=\"https:\/\/thepropertyagent.es\/es\/area-guide\/benahavis\/\" style=\"padding:5px 15px 5px;\" class=\"vc_gitem-link vc_general vc_btn3 vc_btn3-size-md vc_btn3-shape-square vc_btn3-style-flat vc_btn3-color-danger\">M\u00e1s informaci\u00f3n<\/a><\/div><\/div><\/div><div class=\"col-md-6 even\"><div class=\"item\"><div class=\"post-thumbnail\" style=\"background-image:url(https:\/\/thepropertyagent.es\/wp-content\/uploads\/2017\/08\/Cover-3-400x300.jpg)\"><\/div><div class=\"excerpt\"><div class=\"title\"><a href=\"https:\/\/thepropertyagent.es\/es\/area-guide\/casares\/\"><h2>Casares<\/h2><\/a><\/div><p>Casares es uno de esos pintorescos \u201cPueblos Blancos\u201d de Andaluc\u00eda que conserva todo su encanto y originalidad.<\/p><a href=\"https:\/\/thepropertyagent.es\/es\/area-guide\/casares\/\" style=\"padding:5px 15px 5px;\" class=\"vc_gitem-link vc_general vc_btn3 vc_btn3-size-md vc_btn3-shape-square vc_btn3-style-flat vc_btn3-color-danger\">M\u00e1s informaci\u00f3n<\/a><\/div><\/div><\/div><div class=\"col-md-6 odd\"><div class=\"item\"><div class=\"post-thumbnail\" style=\"background-image:url(https:\/\/thepropertyagent.es\/wp-content\/uploads\/2017\/08\/cover-1-400x300.jpg)\"><\/div><div class=\"excerpt\"><div class=\"title\"><a href=\"https:\/\/thepropertyagent.es\/es\/area-guide\/estepona\/\"><h2>Estepona<\/h2><\/a><\/div><p>Explora nuestra gu\u00eda sobre Estepona y sus alrededores en la Costa del Sol y descubre si esa vivienda en venta es la mejor opci\u00f3n para ti.<\/p><a href=\"https:\/\/thepropertyagent.es\/es\/area-guide\/estepona\/\" style=\"padding:5px 15px 5px;\" class=\"vc_gitem-link vc_general vc_btn3 vc_btn3-size-md vc_btn3-shape-square vc_btn3-style-flat vc_btn3-color-danger\">M\u00e1s informaci\u00f3n<\/a><\/div><\/div><\/div><div class=\"col-md-6 even\"><div class=\"item\"><div class=\"post-thumbnail\" style=\"background-image:url(https:\/\/thepropertyagent.es\/wp-content\/uploads\/2017\/08\/Cover-2-400x300.jpg)\"><\/div><div class=\"excerpt\"><div class=\"title\"><a href=\"https:\/\/thepropertyagent.es\/es\/area-guide\/duquesa\/\"><h2>Duquesa<\/h2><\/a><\/div><p>El Puerto de la Duquesa es un coqueto puerto a mitad de camino entre Marbella y Sotogrande.  <\/p><a href=\"https:\/\/thepropertyagent.es\/es\/area-guide\/duquesa\/\" style=\"padding:5px 15px 5px;\" class=\"vc_gitem-link vc_general vc_btn3 vc_btn3-size-md vc_btn3-shape-square vc_btn3-style-flat vc_btn3-color-danger\">M\u00e1s informaci\u00f3n<\/a><\/div><\/div><\/div><div class=\"col-md-6 odd\"><div class=\"item\"><div class=\"post-thumbnail\" style=\"background-image:url(https:\/\/thepropertyagent.es\/wp-content\/uploads\/2017\/08\/Crystal-clear-water-manilva-beach-1-400x300.jpg)\"><\/div><div class=\"excerpt\"><div class=\"title\"><a href=\"https:\/\/thepropertyagent.es\/es\/area-guide\/manilva\/\"><h2>Manilva<\/h2><\/a><\/div><p>Manilva se encuentra ubicada en una serie de suaves colinas brindado espectaculares vistas al mar azul, los vi\u00f1edos...<\/p><a href=\"https:\/\/thepropertyagent.es\/es\/area-guide\/manilva\/\" style=\"padding:5px 15px 5px;\" class=\"vc_gitem-link vc_general vc_btn3 vc_btn3-size-md vc_btn3-shape-square vc_btn3-style-flat vc_btn3-color-danger\">M\u00e1s informaci\u00f3n<\/a><\/div><\/div><\/div><div class=\"clear\"><\/div><\/div><\/div>[\/vc_column_text][\/vc_column][\/vc_row][vc_row][vc_column][vc_column_text]<\/p>\n<h2 style=\"text-align: center;\">Las zonas m\u00e1s importantes para las propiedades en la Costa del Sol:<\/h2>\n<h2 style=\"text-align: center;\">Gu\u00edas de Zonas<\/h2>\n<p>La Costa del Sol es una zona muy solicitada del <a href=\"https:\/\/thepropertyagent.es\/es\/life-in-spain\/\">Sur de Espa\u00f1a<\/a>, que ofrece m\u00e1s de 300 d\u00edas de sol al a\u00f1o, hermosas playas y prestigiosos campos de golf. La Costa del Sol se compone de numerosos lugares, desde <a href=\"https:\/\/thepropertyagent.es\/es\/area-guide\/duquesa\/\">La Duquesa<\/a>, una peque\u00f1a ciudad portuaria, el pintoresco pueblo de <a href=\"https:\/\/thepropertyagent.es\/es\/area-guide\/casares\/\">Casares<\/a>, hasta<a href=\"https:\/\/thepropertyagent.es\/es\/area-guide\/estepona\/\"> Estepona<\/a>, la gran ciudad costera y ciudades lujosas como la famosa <a href=\"https:\/\/thepropertyagent.es\/es\/area-guide\/marbella\/\">Marbella<\/a>. Todas estas zonas son ubicaciones de inmobiliarias deseables, ya sea para fines de inversi\u00f3n o para encontrar un nuevo hogar en el que compartir maravillosos recuerdos.<\/p>\n<h3 style=\"text-align: center;\">Informaci\u00f3n \u00fatil sobre la compra de una propiedad en la Costa del Sol<\/h3>\n<p>Tenemos una amplia variedad de <a href=\"https:\/\/thepropertyagent.es\/properties-search\/?min-price=50000\">propiedades a la venta, tanto de nueva construcci\u00f3n como sobre plano<\/a>, y algo que permanece constante en todos nuestros apartamentos y villas es el compromiso con la calidad y el lujo. Todas nuestras propiedades en venta son del m\u00e1s alto nivel y cuentan con ubicaci\u00f3n en los barrios m\u00e1s prestigiosos de la Costa del Sol. Actualmente, nuestra cartera incluye propiedades distribuidas en ocho ubicaciones, todas con algo \u00fanico que ofrecer; <a href=\"https:\/\/thepropertyagent.es\/es\/area-guide\/sotogrande\/\">Sotogrande<\/a>, <a href=\"https:\/\/thepropertyagent.es\/es\/area-guide\/san-roque-club\/\">San Roque Club<\/a>, <a href=\"https:\/\/thepropertyagent.es\/es\/area-guide\/la-alcaidesa\/\">La Alcaidesa<\/a>, <a href=\"https:\/\/thepropertyagent.es\/es\/area-guide\/benahavis\/\">Benahav\u00eds<\/a>, <a href=\"https:\/\/thepropertyagent.es\/es\/area-guide\/casares\/\">Casares<\/a>, <a href=\"https:\/\/thepropertyagent.es\/es\/area-guide\/estepona\/\">Estepona<\/a>, <a href=\"https:\/\/thepropertyagent.es\/es\/area-guide\/duquesa\/\">Duquesa<\/a> y <a href=\"https:\/\/thepropertyagent.es\/es\/area-guide\/manilva\/\">Manilva<\/a>. <a href=\"https:\/\/thepropertyagent.es\/es\/area-guides\/\">La Costa del Sol es el lugar perfecto<\/a> para comprar una propiedad, con excelentes conexiones a dos aeropuertos internacionales, es f\u00e1cil visitar su nuevo hogar cuando lo desee. El sur de Espa\u00f1a tambi\u00e9n es f\u00e1cil de recorrer gracias a sus fant\u00e1sticas conexiones por carretera. Podr\u00e1s visitar f\u00e1cilmente ciudades cosmopolitas como M\u00e1laga o Marbella, que est\u00e1n a menos de una hora de La Alcaidesa. <a href=\"https:\/\/thepropertyagent.es\/es\/ten-super-interesting-facts-about-southern-spain\/\">La\u00a0 Costa del Sol tiene muchas ventajas \u00fanicas que ofrecer y cuanto m\u00e1s informaci\u00f3n aprendas sobre la Costa del Sol, m\u00e1s interesante se volver\u00e1 el lugar.<\/a><\/p>\n<p>Conoce un poco m\u00e1s sobre nuestras ubicaciones especialmente seleccionadas en esta gu\u00eda de \u00e1rea. <a href=\"https:\/\/thepropertyagent.es\/es\/the-seven-most-exclusive-neighbourhoods-on-the-western-costa-del-sol\/\">Descubre algunos de los barrios m\u00e1s exclusivos de la Costa del Sol.<\/a> Ya sea que desee una villa en primera l\u00ednea de golf en un resort exclusivo o un apartamento frente al mar en una hermosa playa con bandera azul, tenemos algo para usted. Lea nuestra gu\u00eda de ubicaciones para comenzar su viaje hacia su hogar perfecto en la Costa del Sol.<\/p>\n<p>[\/vc_column_text][\/vc_column][\/vc_row]<\/p>\n<\/div>","protected":false},"excerpt":{"rendered":"<p>[vc_row][vc_column][vc_column_text el_class=\u00bbsection-title\u00bb css=\u00bb.vc_custom_1517649448685{margin-top: -28px !important;}\u00bb][\/vc_column_text][\/vc_column][\/vc_row][vc_row][vc_column][vc_column_text] Las zonas m\u00e1s importantes para las propiedades en la Costa del Sol: Gu\u00edas de Zonas La Costa del Sol es una zona muy solicitada del Sur de Espa\u00f1a, que ofrece m\u00e1s de 300 d\u00edas de sol al a\u00f1o, hermosas playas y prestigiosos campos de golf. La Costa del Sol se&#8230;<\/p>\n","protected":false},"author":1,"featured_media":0,"parent":0,"menu_order":0,"comment_status":"closed","ping_status":"closed","template":"","meta":{"_acf_changed":false,"footnotes":""},"class_list":["post-4723","page","type-page","status-publish","hentry"],"acf":[],"yoast_head":"<!-- This site is optimized with the Yoast SEO plugin v25.6 - https:\/\/yoast.com\/wordpress\/plugins\/seo\/ -->\n<title>Gu\u00eda de zonas de la Costa del Sol | The Property Agent<\/title>\n<meta name=\"description\" content=\"Explora las mejores zonas para comprar vivienda en Costa del Sol: Sotogrande, Estepona, Casares, Manilva y otras \u00e1reas destacadas.\" \/>\n<meta name=\"robots\" content=\"index, follow, max-snippet:-1, max-image-preview:large, max-video-preview:-1\" \/>\n<link rel=\"canonical\" href=\"https:\/\/thepropertyagent.es\/es\/area-guides\/\" \/>\n<meta property=\"og:locale\" content=\"es_ES\" \/>\n<meta property=\"og:type\" content=\"article\" \/>\n<meta property=\"og:title\" content=\"Gu\u00eda de zonas de la Costa del Sol | The Property Agent\" \/>\n<meta property=\"og:description\" content=\"Explora las mejores zonas para comprar vivienda en Costa del Sol: Sotogrande, Estepona, Casares, Manilva y otras \u00e1reas destacadas.\" \/>\n<meta property=\"og:url\" content=\"https:\/\/thepropertyagent.es\/es\/area-guides\/\" \/>\n<meta property=\"og:site_name\" content=\"New Build &amp; Off-Plan Costa del Sol | The Property Agent\" \/>\n<meta property=\"article:publisher\" content=\"https:\/\/www.facebook.com\/celestealonsothepropertyagent\/?ref=aymt_homepage_panel\" \/>\n<meta property=\"article:modified_time\" content=\"2026-03-24T14:10:03+00:00\" \/>\n<meta name=\"twitter:card\" content=\"summary_large_image\" \/>\n<meta name=\"twitter:site\" content=\"@Celeste_Alonso1\" \/>\n<meta name=\"twitter:label1\" content=\"Tiempo de lectura\" \/>\n\t<meta name=\"twitter:data1\" content=\"2 minutos\" \/>\n<script type=\"application\/ld+json\" class=\"yoast-schema-graph\">{\"@context\":\"https:\/\/schema.org\",\"@graph\":[{\"@type\":\"WebPage\",\"@id\":\"https:\/\/thepropertyagent.es\/es\/area-guides\/\",\"url\":\"https:\/\/thepropertyagent.es\/es\/area-guides\/\",\"name\":\"Gu\u00eda de zonas de la Costa del Sol | The Property Agent\",\"isPartOf\":{\"@id\":\"https:\/\/thepropertyagent.es\/es\/#website\"},\"datePublished\":\"2017-08-11T16:02:50+00:00\",\"dateModified\":\"2026-03-24T14:10:03+00:00\",\"description\":\"Explora las mejores zonas para comprar vivienda en Costa del Sol: Sotogrande, Estepona, Casares, Manilva y otras \u00e1reas destacadas.\",\"breadcrumb\":{\"@id\":\"https:\/\/thepropertyagent.es\/es\/area-guides\/#breadcrumb\"},\"inLanguage\":\"es\",\"potentialAction\":[{\"@type\":\"ReadAction\",\"target\":[\"https:\/\/thepropertyagent.es\/es\/area-guides\/\"]}]},{\"@type\":\"BreadcrumbList\",\"@id\":\"https:\/\/thepropertyagent.es\/es\/area-guides\/#breadcrumb\",\"itemListElement\":[{\"@type\":\"ListItem\",\"position\":1,\"name\":\"Home\",\"item\":\"https:\/\/thepropertyagent.es\/es\/\"},{\"@type\":\"ListItem\",\"position\":2,\"name\":\"Gu\u00eda de zonas\"}]},{\"@type\":\"WebSite\",\"@id\":\"https:\/\/thepropertyagent.es\/es\/#website\",\"url\":\"https:\/\/thepropertyagent.es\/es\/\",\"name\":\"New Build &amp; Off-Plan Costa del Sol | The Property Agent\",\"description\":\"New &amp; off-plan luxury properties for sale in Costa del Sol, Spain\",\"publisher\":{\"@id\":\"https:\/\/thepropertyagent.es\/es\/#organization\"},\"potentialAction\":[{\"@type\":\"SearchAction\",\"target\":{\"@type\":\"EntryPoint\",\"urlTemplate\":\"https:\/\/thepropertyagent.es\/es\/?s={search_term_string}\"},\"query-input\":{\"@type\":\"PropertyValueSpecification\",\"valueRequired\":true,\"valueName\":\"search_term_string\"}}],\"inLanguage\":\"es\"},{\"@type\":\"Organization\",\"@id\":\"https:\/\/thepropertyagent.es\/es\/#organization\",\"name\":\"The Property Agent\",\"url\":\"https:\/\/thepropertyagent.es\/es\/\",\"logo\":{\"@type\":\"ImageObject\",\"inLanguage\":\"es\",\"@id\":\"https:\/\/thepropertyagent.es\/es\/#\/schema\/logo\/image\/\",\"url\":\"https:\/\/thepropertyagent.es\/wp-content\/uploads\/2018\/02\/profile-picture.jpg\",\"contentUrl\":\"https:\/\/thepropertyagent.es\/wp-content\/uploads\/2018\/02\/profile-picture.jpg\",\"width\":500,\"height\":500,\"caption\":\"The Property Agent\"},\"image\":{\"@id\":\"https:\/\/thepropertyagent.es\/es\/#\/schema\/logo\/image\/\"},\"sameAs\":[\"https:\/\/www.facebook.com\/celestealonsothepropertyagent\/?ref=aymt_homepage_panel\",\"https:\/\/x.com\/Celeste_Alonso1\",\"https:\/\/www.instagram.com\/celestealonso78\/\",\"https:\/\/www.linkedin.com\/in\/celeste-alonso-866b531b\/\",\"https:\/\/www.youtube.com\/channel\/UC1Bdro4vrCVwSfMkBUcg9gA\"]}]}<\/script>\n<!-- \/ Yoast SEO plugin. -->","yoast_head_json":{"title":"Gu\u00eda de zonas de la Costa del Sol | The Property Agent","description":"Explora las mejores zonas para comprar vivienda en Costa del Sol: Sotogrande, Estepona, Casares, Manilva y otras \u00e1reas destacadas.","robots":{"index":"index","follow":"follow","max-snippet":"max-snippet:-1","max-image-preview":"max-image-preview:large","max-video-preview":"max-video-preview:-1"},"canonical":"https:\/\/thepropertyagent.es\/es\/area-guides\/","og_locale":"es_ES","og_type":"article","og_title":"Gu\u00eda de zonas de la Costa del Sol | The Property Agent","og_description":"Explora las mejores zonas para comprar vivienda en Costa del Sol: Sotogrande, Estepona, Casares, Manilva y otras \u00e1reas destacadas.","og_url":"https:\/\/thepropertyagent.es\/es\/area-guides\/","og_site_name":"New Build &amp; Off-Plan Costa del Sol | The Property Agent","article_publisher":"https:\/\/www.facebook.com\/celestealonsothepropertyagent\/?ref=aymt_homepage_panel","article_modified_time":"2026-03-24T14:10:03+00:00","twitter_card":"summary_large_image","twitter_site":"@Celeste_Alonso1","twitter_misc":{"Tiempo de lectura":"2 minutos"},"schema":{"@context":"https:\/\/schema.org","@graph":[{"@type":"WebPage","@id":"https:\/\/thepropertyagent.es\/es\/area-guides\/","url":"https:\/\/thepropertyagent.es\/es\/area-guides\/","name":"Gu\u00eda de zonas de la Costa del Sol | The Property Agent","isPartOf":{"@id":"https:\/\/thepropertyagent.es\/es\/#website"},"datePublished":"2017-08-11T16:02:50+00:00","dateModified":"2026-03-24T14:10:03+00:00","description":"Explora las mejores zonas para comprar vivienda en Costa del Sol: Sotogrande, Estepona, Casares, Manilva y otras \u00e1reas destacadas.","breadcrumb":{"@id":"https:\/\/thepropertyagent.es\/es\/area-guides\/#breadcrumb"},"inLanguage":"es","potentialAction":[{"@type":"ReadAction","target":["https:\/\/thepropertyagent.es\/es\/area-guides\/"]}]},{"@type":"BreadcrumbList","@id":"https:\/\/thepropertyagent.es\/es\/area-guides\/#breadcrumb","itemListElement":[{"@type":"ListItem","position":1,"name":"Home","item":"https:\/\/thepropertyagent.es\/es\/"},{"@type":"ListItem","position":2,"name":"Gu\u00eda de zonas"}]},{"@type":"WebSite","@id":"https:\/\/thepropertyagent.es\/es\/#website","url":"https:\/\/thepropertyagent.es\/es\/","name":"New Build &amp; Off-Plan Costa del Sol | The Property Agent","description":"New &amp; off-plan luxury properties for sale in Costa del Sol, Spain","publisher":{"@id":"https:\/\/thepropertyagent.es\/es\/#organization"},"potentialAction":[{"@type":"SearchAction","target":{"@type":"EntryPoint","urlTemplate":"https:\/\/thepropertyagent.es\/es\/?s={search_term_string}"},"query-input":{"@type":"PropertyValueSpecification","valueRequired":true,"valueName":"search_term_string"}}],"inLanguage":"es"},{"@type":"Organization","@id":"https:\/\/thepropertyagent.es\/es\/#organization","name":"The Property Agent","url":"https:\/\/thepropertyagent.es\/es\/","logo":{"@type":"ImageObject","inLanguage":"es","@id":"https:\/\/thepropertyagent.es\/es\/#\/schema\/logo\/image\/","url":"https:\/\/thepropertyagent.es\/wp-content\/uploads\/2018\/02\/profile-picture.jpg","contentUrl":"https:\/\/thepropertyagent.es\/wp-content\/uploads\/2018\/02\/profile-picture.jpg","width":500,"height":500,"caption":"The Property Agent"},"image":{"@id":"https:\/\/thepropertyagent.es\/es\/#\/schema\/logo\/image\/"},"sameAs":["https:\/\/www.facebook.com\/celestealonsothepropertyagent\/?ref=aymt_homepage_panel","https:\/\/x.com\/Celeste_Alonso1","https:\/\/www.instagram.com\/celestealonso78\/","https:\/\/www.linkedin.com\/in\/celeste-alonso-866b531b\/","https:\/\/www.youtube.com\/channel\/UC1Bdro4vrCVwSfMkBUcg9gA"]}]}},"_links":{"self":[{"href":"https:\/\/thepropertyagent.es\/es\/wp-json\/wp\/v2\/pages\/4723","targetHints":{"allow":["GET"]}}],"collection":[{"href":"https:\/\/thepropertyagent.es\/es\/wp-json\/wp\/v2\/pages"}],"about":[{"href":"https:\/\/thepropertyagent.es\/es\/wp-json\/wp\/v2\/types\/page"}],"author":[{"embeddable":true,"href":"https:\/\/thepropertyagent.es\/es\/wp-json\/wp\/v2\/users\/1"}],"replies":[{"embeddable":true,"href":"https:\/\/thepropertyagent.es\/es\/wp-json\/wp\/v2\/comments?post=4723"}],"version-history":[{"count":0,"href":"https:\/\/thepropertyagent.es\/es\/wp-json\/wp\/v2\/pages\/4723\/revisions"}],"wp:attachment":[{"href":"https:\/\/thepropertyagent.es\/es\/wp-json\/wp\/v2\/media?parent=4723"}],"curies":[{"name":"wp","href":"https:\/\/api.w.org\/{rel}","templated":true}]}}