{"id":4718,"date":"2017-09-12T11:35:47","date_gmt":"2017-09-12T11:35:47","guid":{"rendered":"http:\/\/thepropertyagent.es?page_id=4718"},"modified":"2026-03-24T13:55:54","modified_gmt":"2026-03-24T13:55:54","slug":"home","status":"publish","type":"page","link":"https:\/\/thepropertyagent.es\/es\/","title":{"rendered":"Home"},"content":{"rendered":"<div class=\"wpb-content-wrapper\"><p>[vc_row][vc_column el_class=\u00bbhome-bottom-text\u00bb][vc_tta_pageable][vc_tta_section title=\u00bbViviendas de Lujo Costa del Sol\u00bb tab_id=\u00bbluxurypropertycostadelsol\u00bb][vc_column_text]<\/p>\n<h1 style=\"text-align: center;\">Venta de viviendas de lujo en la Costa del Sol &#8211; Inversi\u00f3n y Nuevas Promociones<\/h1>\n<p style=\"text-align: center;\">The Property Agent es especialista en la venta de viviendas de lujo en impresionante y bella\u00a0<a href=\"https:\/\/thepropertyagent.es\/es\/area-guides\/\">Costa del Sol<\/a>. Ofrecemos una amplia variedad de villas y apartamentos de lujo en las zonas m\u00e1s buscadas. <a href=\"https:\/\/thepropertyagent.es\/es\/area-guide\/sotogrande\/\">Sotogrande<\/a>, <a href=\"https:\/\/thepropertyagent.es\/es\/area-guides\/\">La Alcaidesa<\/a>, <a href=\"https:\/\/thepropertyagent.es\/es\/area-guide\/manilva\/\">Manilva<\/a>, <a href=\"https:\/\/thepropertyagent.es\/es\/area-guide\/casares\/\">Casares<\/a>, <a href=\"https:\/\/thepropertyagent.es\/es\/area-guide\/benahavis\/\">Benahavis<\/a> y <a href=\"https:\/\/thepropertyagent.es\/es\/area-guide\/estepona\/\">Estepona<\/a> tienen mucho que ofrecer: cultura, paisajes impresionantes y sobre todo mucha serenidad. Cada una de estas hermosas zonas tiene su propia personalidad y car\u00e1cter \u00fanico que har\u00e1 que nunca quieras dejar este peque\u00f1o para\u00edso espa\u00f1ol.<\/p>\n<p style=\"text-align: center;\">Desde encantadores puertos deportivos a cascos antiguos y monta\u00f1as de ensue\u00f1o. Todas nuestras propiedades est\u00e1n muy bien comunicadas con aeropuertos internacionales y ciudades como Marbella y Puerto Banus, lo que las convierte en la ubicaci\u00f3n perfecta para encontrar su nuevo hogar. Nuestro porfolio ofrece una amplia gama de viviendas de golf en los campos m\u00e1s prestigiosos, como tambi\u00e9n en las mejores playa en la Costa del Sol, brindando \u00abese toque especial\u00bb para todos. Nuestras propiedades se encuentran en los mejores resorts de golf como por ejemplo Valderrama o Finca Cortesin y en las playas m\u00e1s hermosas de la Costa del Sol.<\/p>\n<p style=\"text-align: center;\">El exquisito lujo de nuestras viviendas se combina perfectamente con la belleza natural de su entorno. Alguno de las promociones mas exclusivas que ofrecemos son <a href=\"\/es\/property\/stunning-beachfront-townhouse-for-sale-in-the-island-estepona\/\">The Island<\/a>, <a href=\"\/es\/property\/frontline-beach-villa-in-estepona\/\">The Edge<\/a>, <a href=\"\/es\/property\/velaya-apartments-by-the-sea-in-estepona\/\">Velaya<\/a>, <a href=\"https:\/\/thepropertyagent.es\/es\/property\/apartamento-en-venta-en-el-mirador-de-estepona\/\">Mirador de Estepona<\/a>, <a href=\"https:\/\/thepropertyagent.es\/es\/property\/apartment-in-marbella-club-hills-benahavis\/\">Marbella Club Hills<\/a>, <a href=\"https:\/\/thepropertyagent.es\/es\/property\/alcazaba-lagoon-apartamento-venta-casares\/\">Alcazaba Lagoon<\/a>, <a href=\"\/es\/property\/contemporary-3-bedroom-villa-for-sale-in-sotogrande\/\">La Finca Sotogrande<\/a>, <a href=\"https:\/\/thepropertyagent.es\/es\/property\/penthouse-in-the-links-la-alcaidesa\/\">The Links<\/a>, <a href=\"https:\/\/thepropertyagent.es\/es\/property\/apartment-in-sunrise-heights-manilva\/\">Sunrise Heights<\/a> y <a href=\"https:\/\/thepropertyagent.es\/es\/property\/infinity-living-alcaidesa-impresionante-atico-a-la-venta\/\">Infinity Living<\/a> entre muchas m\u00e1s.\u00a0Si busca una <a href=\"\/es\/whats-hot-and-whats-not-in-costa-del-sol-real-estate-in-2021\/\">oportunidad de inversi\u00f3n en la Costa del Sol<\/a> o un nuevo hogar, por favor tome unos minutos para navegar en nuestra web y ver la exclusiva colecci\u00f3n de villas, apartamentos y casas adosadas de nueva construcci\u00f3n y sobre plano a lo largo de la Costa del Sol. Con nuestra experiencia en la industria y nuestro compromiso de calidad, podemos asegurarle que The Property Agent encontrar\u00e1 la vivienda de sus sue\u00f1os. Para m\u00e1s informaci\u00f3n, haga clic en <a href=\"\/?p=4757\">Por qu\u00e9 elegirme<\/a>.<\/p>\n<p>[\/vc_column_text][\/vc_tta_section][vc_tta_section title=\u00bbInmobiliaria Costa del Sol\u00bb tab_id=\u00bbpropertycostadelsol\u00bb][vc_column_text el_class=\u00bbhome-bottom-text-narrow\u00bb]<\/p>\n<h2 style=\"text-align: center;\">Propiedades en venta: Costa del Sol<\/h2>\n<p style=\"text-align: center;\"><strong>Villas, \u00e1ticos y apartamentos de nueva construcci\u00f3n y sobre plano de los mejores promotores en Estepona, Sotogrande, Benahavis y Manilva y sus alrededores.<\/strong><\/p>\n<p style=\"text-align: center;\">The Property Agent es un agente inmobiliario que habla espa\u00f1ol e ingl\u00e9s y ha estado ayudando a los clientes a encontrar las ofertas inmobiliarias m\u00e1s adecuadas en la <strong>Costa del Sol<\/strong> en ubicaciones privilegiadas del sur de Espa\u00f1a. Andaluc\u00eda es una parte diversa de Espa\u00f1a y nos enorgullecemos de conocer el mercado local, lo que nos permite brindar el mejor asesoramiento y orientaci\u00f3n a nuestros clientes potenciales cuando se trata de <strong>comprar una propiedad en Espa\u00f1a.<\/strong><\/p>\n<p style=\"text-align: center;\">Estamos comprometidos a brindar a nuestros clientes nacionales y extranjeros un <strong>servicio de b\u00fasqueda de propiedades <\/strong>de alta calidad, con transparencia y profesionalismo garantizados. Ya sea que est\u00e9s buscando una propiedad residencial, una segunda residencia en Espa\u00f1a, una propiedad para alquilar en primera l\u00ednea de playa o una inversi\u00f3n en una casa de vacaciones a lo largo de la costa, estamos seguros de que nuestra importante cartera de propiedades en l\u00ednea tiene una casa para usted.<\/p>\n<h3 style=\"text-align: center;\">Especialista en promociones sobre plano y obra nueva<\/h3>\n<p style=\"text-align: center;\">Guiar a clientes potenciales para que encuentren asesoramiento sobre la compra de <a href=\"https:\/\/thepropertyagent.es\/es\/10-essential-questions-to-ask-when-buying-off-plan-investment-properties\/\">propiedades sobre plano<\/a> es una de nuestras \u00e1reas de especializaci\u00f3n. Puede aprovechar nuestras conexiones locales con varios promotores inmobiliarios sobre plano bien establecidos, examinados y aprobados por The Property Agent.<\/p>\n<h4 style=\"text-align: center;\">Enlaces r\u00e1pidos<\/h4>\n<p style=\"text-align: center;\"><a href=\"https:\/\/thepropertyagent.es\/es\/area-guide\/estepona\/\">Propiedaes en venta en Estepona y Gu\u00eda de zona<\/a> &#8211; <a href=\"https:\/\/thepropertyagent.es\/es\/area-guide\/sotogrande\/\">Propiedades en venta en\u00a0 Sotogrande y gu\u00eda de zona\u00a0<\/a>&#8211; <a href=\"https:\/\/thepropertyagent.es\/es\/area-guide\/manilva\/\">Propiedades en venta en Manilva y Gu\u00eda de zona<\/a> &#8211; <a href=\"https:\/\/thepropertyagent.es\/es\/area-guide\/benahavis\/\">Propiedades de venta en Benahavis y Gu\u00eda de zona<\/a> &#8211; <a href=\"https:\/\/thepropertyagent.es\/es\/area-guide\/la-alcaidesa\/\">Propiedades de venta en\u00a0 La Alcaidesa y Gu\u00eda de zona<\/a><\/p>\n<p>[\/vc_column_text][\/vc_tta_section][\/vc_tta_pageable][\/vc_column][\/vc_row]<\/p>\n<\/div>","protected":false},"excerpt":{"rendered":"<p>[vc_row][vc_column el_class=\u00bbhome-bottom-text\u00bb][vc_tta_pageable][vc_tta_section title=\u00bbViviendas de Lujo Costa del Sol\u00bb tab_id=\u00bbluxurypropertycostadelsol\u00bb][vc_column_text] Venta de viviendas de lujo en la Costa del Sol &#8211; Inversi\u00f3n y Nuevas Promociones The Property Agent es especialista en la venta de viviendas de lujo en impresionante y bella\u00a0Costa del Sol. Ofrecemos una amplia variedad de villas y apartamentos de lujo en las zonas&#8230;<\/p>\n","protected":false},"author":1,"featured_media":0,"parent":0,"menu_order":0,"comment_status":"open","ping_status":"closed","template":"templates\/home.php","meta":{"_acf_changed":false,"footnotes":""},"class_list":["post-4718","page","type-page","status-publish","hentry"],"acf":[],"yoast_head":"<!-- This site is optimized with the Yoast SEO plugin v25.6 - https:\/\/yoast.com\/wordpress\/plugins\/seo\/ -->\n<title>Viviendas de lujo en Costa del Sol | The Property Agent<\/title>\n<meta name=\"description\" content=\"The Property Agent es especialista en la venta de viviendas de lujo de obra nueva o sobre plano en la Costa del Sol Sur de Espa\u00f1a.\" \/>\n<meta name=\"robots\" content=\"index, follow, max-snippet:-1, max-image-preview:large, max-video-preview:-1\" \/>\n<link rel=\"canonical\" href=\"https:\/\/thepropertyagent.es\/es\/\" \/>\n<meta property=\"og:locale\" content=\"es_ES\" \/>\n<meta property=\"og:type\" content=\"article\" \/>\n<meta property=\"og:title\" content=\"Viviendas de lujo en Costa del Sol | The Property Agent\" \/>\n<meta property=\"og:description\" content=\"The Property Agent es especialista en la venta de viviendas de lujo de obra nueva o sobre plano en la Costa del Sol Sur de Espa\u00f1a.\" \/>\n<meta property=\"og:url\" content=\"https:\/\/thepropertyagent.es\/es\/\" \/>\n<meta property=\"og:site_name\" content=\"New Build &amp; Off-Plan Costa del Sol | The Property Agent\" \/>\n<meta property=\"article:publisher\" content=\"https:\/\/www.facebook.com\/celestealonsothepropertyagent\/?ref=aymt_homepage_panel\" \/>\n<meta property=\"article:modified_time\" content=\"2026-03-24T13:55:54+00:00\" \/>\n<meta property=\"og:image\" content=\"https:\/\/thepropertyagent.es\/wp-content\/uploads\/2019\/11\/the-property-agent-logo.svg\" \/>\n<meta name=\"twitter:card\" content=\"summary_large_image\" \/>\n<meta name=\"twitter:image\" content=\"https:\/\/thepropertyagent.es\/wp-content\/uploads\/2020\/03\/propertyagent-logo.png\" \/>\n<meta name=\"twitter:site\" content=\"@Celeste_Alonso1\" \/>\n<meta name=\"twitter:label1\" content=\"Tiempo de lectura\" \/>\n\t<meta name=\"twitter:data1\" content=\"3 minutos\" \/>\n<script type=\"application\/ld+json\" class=\"yoast-schema-graph\">{\"@context\":\"https:\/\/schema.org\",\"@graph\":[{\"@type\":\"WebPage\",\"@id\":\"https:\/\/thepropertyagent.es\/es\/\",\"url\":\"https:\/\/thepropertyagent.es\/es\/\",\"name\":\"Viviendas de lujo en Costa del Sol | The Property Agent\",\"isPartOf\":{\"@id\":\"https:\/\/thepropertyagent.es\/es\/#website\"},\"datePublished\":\"2017-09-12T11:35:47+00:00\",\"dateModified\":\"2026-03-24T13:55:54+00:00\",\"description\":\"The Property Agent es especialista en la venta de viviendas de lujo de obra nueva o sobre plano en la Costa del Sol Sur de Espa\u00f1a.\",\"breadcrumb\":{\"@id\":\"https:\/\/thepropertyagent.es\/es\/#breadcrumb\"},\"inLanguage\":\"es\",\"potentialAction\":[{\"@type\":\"ReadAction\",\"target\":[\"https:\/\/thepropertyagent.es\/es\/\"]}]},{\"@type\":\"BreadcrumbList\",\"@id\":\"https:\/\/thepropertyagent.es\/es\/#breadcrumb\",\"itemListElement\":[{\"@type\":\"ListItem\",\"position\":1,\"name\":\"Home\",\"item\":\"https:\/\/thepropertyagent.es\/es\/\"},{\"@type\":\"ListItem\",\"position\":2,\"name\":\"Home\"}]},{\"@type\":\"WebSite\",\"@id\":\"https:\/\/thepropertyagent.es\/es\/#website\",\"url\":\"https:\/\/thepropertyagent.es\/es\/\",\"name\":\"New Build &amp; Off-Plan Costa del Sol | The Property Agent\",\"description\":\"New &amp; off-plan luxury properties for sale in Costa del Sol, Spain\",\"publisher\":{\"@id\":\"https:\/\/thepropertyagent.es\/es\/#organization\"},\"potentialAction\":[{\"@type\":\"SearchAction\",\"target\":{\"@type\":\"EntryPoint\",\"urlTemplate\":\"https:\/\/thepropertyagent.es\/es\/?s={search_term_string}\"},\"query-input\":{\"@type\":\"PropertyValueSpecification\",\"valueRequired\":true,\"valueName\":\"search_term_string\"}}],\"inLanguage\":\"es\"},{\"@type\":\"Organization\",\"@id\":\"https:\/\/thepropertyagent.es\/es\/#organization\",\"name\":\"The Property Agent\",\"url\":\"https:\/\/thepropertyagent.es\/es\/\",\"logo\":{\"@type\":\"ImageObject\",\"inLanguage\":\"es\",\"@id\":\"https:\/\/thepropertyagent.es\/es\/#\/schema\/logo\/image\/\",\"url\":\"https:\/\/thepropertyagent.es\/wp-content\/uploads\/2018\/02\/profile-picture.jpg\",\"contentUrl\":\"https:\/\/thepropertyagent.es\/wp-content\/uploads\/2018\/02\/profile-picture.jpg\",\"width\":500,\"height\":500,\"caption\":\"The Property Agent\"},\"image\":{\"@id\":\"https:\/\/thepropertyagent.es\/es\/#\/schema\/logo\/image\/\"},\"sameAs\":[\"https:\/\/www.facebook.com\/celestealonsothepropertyagent\/?ref=aymt_homepage_panel\",\"https:\/\/x.com\/Celeste_Alonso1\",\"https:\/\/www.instagram.com\/celestealonso78\/\",\"https:\/\/www.linkedin.com\/in\/celeste-alonso-866b531b\/\",\"https:\/\/www.youtube.com\/channel\/UC1Bdro4vrCVwSfMkBUcg9gA\"]}]}<\/script>\n<!-- \/ Yoast SEO plugin. -->","yoast_head_json":{"title":"Viviendas de lujo en Costa del Sol | The Property Agent","description":"The Property Agent es especialista en la venta de viviendas de lujo de obra nueva o sobre plano en la Costa del Sol Sur de Espa\u00f1a.","robots":{"index":"index","follow":"follow","max-snippet":"max-snippet:-1","max-image-preview":"max-image-preview:large","max-video-preview":"max-video-preview:-1"},"canonical":"https:\/\/thepropertyagent.es\/es\/","og_locale":"es_ES","og_type":"article","og_title":"Viviendas de lujo en Costa del Sol | The Property Agent","og_description":"The Property Agent es especialista en la venta de viviendas de lujo de obra nueva o sobre plano en la Costa del Sol Sur de Espa\u00f1a.","og_url":"https:\/\/thepropertyagent.es\/es\/","og_site_name":"New Build &amp; Off-Plan Costa del Sol | The Property Agent","article_publisher":"https:\/\/www.facebook.com\/celestealonsothepropertyagent\/?ref=aymt_homepage_panel","article_modified_time":"2026-03-24T13:55:54+00:00","og_image":[{"url":"https:\/\/thepropertyagent.es\/wp-content\/uploads\/2019\/11\/the-property-agent-logo.svg","type":"","width":"","height":""}],"twitter_card":"summary_large_image","twitter_image":"https:\/\/thepropertyagent.es\/wp-content\/uploads\/2020\/03\/propertyagent-logo.png","twitter_site":"@Celeste_Alonso1","twitter_misc":{"Tiempo de lectura":"3 minutos"},"schema":{"@context":"https:\/\/schema.org","@graph":[{"@type":"WebPage","@id":"https:\/\/thepropertyagent.es\/es\/","url":"https:\/\/thepropertyagent.es\/es\/","name":"Viviendas de lujo en Costa del Sol | The Property Agent","isPartOf":{"@id":"https:\/\/thepropertyagent.es\/es\/#website"},"datePublished":"2017-09-12T11:35:47+00:00","dateModified":"2026-03-24T13:55:54+00:00","description":"The Property Agent es especialista en la venta de viviendas de lujo de obra nueva o sobre plano en la Costa del Sol Sur de Espa\u00f1a.","breadcrumb":{"@id":"https:\/\/thepropertyagent.es\/es\/#breadcrumb"},"inLanguage":"es","potentialAction":[{"@type":"ReadAction","target":["https:\/\/thepropertyagent.es\/es\/"]}]},{"@type":"BreadcrumbList","@id":"https:\/\/thepropertyagent.es\/es\/#breadcrumb","itemListElement":[{"@type":"ListItem","position":1,"name":"Home","item":"https:\/\/thepropertyagent.es\/es\/"},{"@type":"ListItem","position":2,"name":"Home"}]},{"@type":"WebSite","@id":"https:\/\/thepropertyagent.es\/es\/#website","url":"https:\/\/thepropertyagent.es\/es\/","name":"New Build &amp; Off-Plan Costa del Sol | The Property Agent","description":"New &amp; off-plan luxury properties for sale in Costa del Sol, Spain","publisher":{"@id":"https:\/\/thepropertyagent.es\/es\/#organization"},"potentialAction":[{"@type":"SearchAction","target":{"@type":"EntryPoint","urlTemplate":"https:\/\/thepropertyagent.es\/es\/?s={search_term_string}"},"query-input":{"@type":"PropertyValueSpecification","valueRequired":true,"valueName":"search_term_string"}}],"inLanguage":"es"},{"@type":"Organization","@id":"https:\/\/thepropertyagent.es\/es\/#organization","name":"The Property Agent","url":"https:\/\/thepropertyagent.es\/es\/","logo":{"@type":"ImageObject","inLanguage":"es","@id":"https:\/\/thepropertyagent.es\/es\/#\/schema\/logo\/image\/","url":"https:\/\/thepropertyagent.es\/wp-content\/uploads\/2018\/02\/profile-picture.jpg","contentUrl":"https:\/\/thepropertyagent.es\/wp-content\/uploads\/2018\/02\/profile-picture.jpg","width":500,"height":500,"caption":"The Property Agent"},"image":{"@id":"https:\/\/thepropertyagent.es\/es\/#\/schema\/logo\/image\/"},"sameAs":["https:\/\/www.facebook.com\/celestealonsothepropertyagent\/?ref=aymt_homepage_panel","https:\/\/x.com\/Celeste_Alonso1","https:\/\/www.instagram.com\/celestealonso78\/","https:\/\/www.linkedin.com\/in\/celeste-alonso-866b531b\/","https:\/\/www.youtube.com\/channel\/UC1Bdro4vrCVwSfMkBUcg9gA"]}]}},"_links":{"self":[{"href":"https:\/\/thepropertyagent.es\/es\/wp-json\/wp\/v2\/pages\/4718","targetHints":{"allow":["GET"]}}],"collection":[{"href":"https:\/\/thepropertyagent.es\/es\/wp-json\/wp\/v2\/pages"}],"about":[{"href":"https:\/\/thepropertyagent.es\/es\/wp-json\/wp\/v2\/types\/page"}],"author":[{"embeddable":true,"href":"https:\/\/thepropertyagent.es\/es\/wp-json\/wp\/v2\/users\/1"}],"replies":[{"embeddable":true,"href":"https:\/\/thepropertyagent.es\/es\/wp-json\/wp\/v2\/comments?post=4718"}],"version-history":[{"count":0,"href":"https:\/\/thepropertyagent.es\/es\/wp-json\/wp\/v2\/pages\/4718\/revisions"}],"wp:attachment":[{"href":"https:\/\/thepropertyagent.es\/es\/wp-json\/wp\/v2\/media?parent=4718"}],"curies":[{"name":"wp","href":"https:\/\/api.w.org\/{rel}","templated":true}]}}