{"id":35069,"date":"2021-03-09T23:18:15","date_gmt":"2021-03-09T23:18:15","guid":{"rendered":"https:\/\/thepropertyagent.es\/costa-del-sol-property-market\/"},"modified":"2025-04-02T09:29:23","modified_gmt":"2025-04-02T09:29:23","slug":"costa-del-sol-mercado-inmobiliario","status":"publish","type":"page","link":"https:\/\/thepropertyagent.es\/es\/costa-del-sol-mercado-inmobiliario\/","title":{"rendered":"Estudio del Mercado Inmobiliario en la Costa del Sol\u00a02024"},"content":{"rendered":"<div class=\"wpb-content-wrapper\"><p>[vc_row full_width=\u00bbstretch_row\u00bb][vc_column][vc_custom_heading text=\u00bbEstudio del Mercado Inmobiliario en la Costa del Sol 2024&#8243; font_container=\u00bbtag:h1|font_size:4.2rem|text_align:center\u00bb use_theme_fonts=\u00bbyes\u00bb css=\u00bb\u00bb][vc_single_image image=\u00bb75113&#8243; img_size=\u00bbfull\u00bb alignment=\u00bbcenter\u00bb][\/vc_column][\/vc_row][vc_row full_width=\u00bbstretch_row\u00bb][vc_column width=\u00bb1\/6&#8243;][\/vc_column][vc_column width=\u00bb2\/3&#8243;][vc_column_text css=\u00bb\u00bb]<\/p>\n<h2 style=\"text-align: center;\">D\u00f3nde invertir en la Costa del Sol en 2024?<\/h2>\n<p style=\"text-align: center;\">Como hacemos cada a\u00f1o, estamos aqu\u00ed para ofrecerte las \u00faltimas actualizaciones sobre el panorama inmobiliario en la Costa del Sol. A continuaci\u00f3n se ofrece una descripci\u00f3n general concisa de los acontecimientos en 2023 y un vistazo de lo que podemos anticipar para 2024.<\/p>\n<p style=\"text-align: center;\">En 2023, el mercado inmobiliario de la Costa del Sol vio una contradicci\u00f3n: mientras que el n\u00famero de hipotecas y ventas de propiedades disminuy\u00f3 ligeramente en comparaci\u00f3n con 2022, los precios siguieron aumentando debido a la insuficiente oferta de viviendas y al fracaso de una nueva ley gubernamental de vivienda.<\/p>\n<p style=\"text-align: center;\">La subida de los tipos de inter\u00e9s tuvo un ligero impacto, especialmente en M\u00e1laga, donde una parte importante de las propiedades se compraron sin hipoteca. El cuarenta y cuatro por ciento de las compras de viviendas en M\u00e1laga se realizaron sin hipotecas, lo que indica un fuerte poder adquisitivo entre los clientes o inversores.\u00a0 A pesar de cierta disminuci\u00f3n de la demanda tras la subida de los tipos de inter\u00e9s, la demanda sigue siendo elevada, lo que provoca nuevos aumentos de precios.<\/p>\n<p style=\"text-align: center;\">Para leer la gu\u00eda completa, descargue el Informe de Mercado a continuaci\u00f3n.<\/p>\n<p>[\/vc_column_text][\/vc_column][vc_column width=\u00bb1\/6&#8243;][\/vc_column][\/vc_row][vc_row full_width=\u00bbstretch_row\u00bb][vc_column width=\u00bb1\/6&#8243;][\/vc_column][vc_column width=\u00bb2\/3&#8243;][vc_custom_heading text=\u00bbDescarga el Estudio de Mercado de la Costa del Sol 2024&#8243; font_container=\u00bbtag:h2|font_size:2.75rem|text_align:center\u00bb use_theme_fonts=\u00bbyes\u00bb css=\u00bb\u00bb][vc_column_text css=\u00bb\u00bb]<\/p>\n<p style=\"text-align: center;\">Recibe nuestro \u00faltimo informe del mercado inmobiliario de 2023 que cubre ubicaciones clave de la Costa del Sol y descubre donde invertir en 2024.<\/p>\n<p>[\/vc_column_text][vc_column_text]\n<div class=\"wpcf7 no-js\" id=\"wpcf7-f35440-o1\" lang=\"es-ES\" dir=\"ltr\" data-wpcf7-id=\"35440\">\n<div class=\"screen-reader-response\"><p role=\"status\" aria-live=\"polite\" aria-atomic=\"true\"><\/p> <ul><\/ul><\/div>\n<form action=\"\/es\/wp-json\/wp\/v2\/pages\/35069#wpcf7-f35440-o1\" method=\"post\" class=\"wpcf7-form init\" aria-label=\"Contact form\" novalidate=\"novalidate\" data-status=\"init\">\n<fieldset class=\"hidden-fields-container\"><input type=\"hidden\" name=\"_wpcf7\" value=\"35440\" \/><input type=\"hidden\" name=\"_wpcf7_version\" value=\"6.1.1\" \/><input type=\"hidden\" name=\"_wpcf7_locale\" value=\"es_ES\" \/><input type=\"hidden\" name=\"_wpcf7_unit_tag\" value=\"wpcf7-f35440-o1\" \/><input type=\"hidden\" name=\"_wpcf7_container_post\" value=\"0\" \/><input type=\"hidden\" name=\"_wpcf7_posted_data_hash\" value=\"\" \/><input type=\"hidden\" name=\"_wpcf7_recaptcha_response\" value=\"\" \/>\n<\/fieldset>\n<section class=\"widget rh_property_agent\">\n\t<div class=\"rhc_agent_contact_form\">\n\t\t<section id=\"contact-form\">\n\t\t\t<p class=\"rh_contact__input rh_contact__input_text\"><span class=\"wpcf7-form-control-wrap\" data-name=\"your-name\"><input size=\"40\" maxlength=\"400\" class=\"wpcf7-form-control wpcf7-text wpcf7-validates-as-required\" aria-required=\"true\" aria-invalid=\"false\" placeholder=\"Nombre\" value=\"\" type=\"text\" name=\"your-name\" \/><\/span>\n\t\t\t<\/p>\n\t\t\t<p class=\"rh_contact__input rh_contact__input_text\"><span class=\"wpcf7-form-control-wrap\" data-name=\"your-email\"><input size=\"40\" maxlength=\"400\" class=\"wpcf7-form-control wpcf7-email wpcf7-validates-as-required wpcf7-text wpcf7-validates-as-email\" aria-required=\"true\" aria-invalid=\"false\" placeholder=\"Correo\" value=\"\" type=\"email\" name=\"your-email\" \/><\/span>\n\t\t\t<\/p>\n\t\t\t<div class=\"contact-form-disclaimer\">\n\t\t\t\t<p><span class=\"wpcf7-form-control-wrap\" data-name=\"acceptance-539\"><span class=\"wpcf7-form-control wpcf7-acceptance\"><span class=\"wpcf7-list-item\"><label><input type=\"checkbox\" name=\"acceptance-539\" value=\"1\" aria-invalid=\"false\" \/><span class=\"wpcf7-list-item-label\">He leido y acepto el <a target=\"_blank\" href=\"https:\/\/thepropertyagent.es\/es\/aviso-legal\/\">aviso legal<\/a> y la <a target=\"_blank\" href=\"https:\/\/thepropertyagent.es\/es\/politica-de-privacidad\/\">pol\u00edtica de privacidad<\/a><\/span><\/label><\/span><\/span><\/span>\n\t\t\t\t<\/p>\n\t\t\t<\/div>\n\t\t\t<p class=\"rh_contact__input rh_contact__submit\"><input class=\"wpcf7-form-control wpcf7-submit has-spinner\" type=\"submit\" value=\"Descarga el Informe\" \/>\n\t\t\t<\/p>\n\t\t<\/section>\n\t<\/div>\n<\/section><div class=\"wpcf7-response-output\" aria-hidden=\"true\"><\/div>\n<\/form>\n<\/div>\n[\/vc_column_text][vc_column_text css=\u00bb.vc_custom_1616582430884{margin-bottom: 0px !important;padding-bottom: 0px !important;}\u00bb]<\/p>\n<h3 style=\"max-width: 420px; color: #1a1a1a; font-size: 2.2rem; font-weight: 400; margin: 25px auto 0 auto; text-align: center;\">Encu\u00e9ntranos cada mes en las plataformas m\u00e1s confiables del mercado:<\/h3>\n<p>[\/vc_column_text][vc_column_text]<\/p>\n<p style=\"text-align: center;\"><img decoding=\"async\" class=\"aligncenter wp-image-34692\" src=\"https:\/\/thepropertyagent.es\/wp-content\/uploads\/2021\/03\/property-insights-e1615981150713.png\" alt=\"plataformas mas confiables del mercado inmobiliario\" width=\"400\" height=\"232\" \/><\/p>\n<p>[\/vc_column_text][\/vc_column][vc_column width=\u00bb1\/6&#8243;][\/vc_column][\/vc_row]<\/p>\n<\/div>","protected":false},"excerpt":{"rendered":"<p>[vc_row full_width=\u00bbstretch_row\u00bb][vc_column][vc_custom_heading text=\u00bbEstudio del Mercado Inmobiliario en la Costa del Sol 2024&#8243; font_container=\u00bbtag:h1|font_size:4.2rem|text_align:center\u00bb use_theme_fonts=\u00bbyes\u00bb css=\u00bb\u00bb][vc_single_image image=\u00bb75113&#8243; img_size=\u00bbfull\u00bb alignment=\u00bbcenter\u00bb][\/vc_column][\/vc_row][vc_row full_width=\u00bbstretch_row\u00bb][vc_column width=\u00bb1\/6&#8243;][\/vc_column][vc_column width=\u00bb2\/3&#8243;][vc_column_text css=\u00bb\u00bb] D\u00f3nde invertir en la Costa del Sol en 2024? Como hacemos cada a\u00f1o, estamos aqu\u00ed para ofrecerte las \u00faltimas actualizaciones sobre el panorama inmobiliario en la Costa del Sol. A continuaci\u00f3n se ofrece&#8230;<\/p>\n","protected":false},"author":1,"featured_media":75113,"parent":0,"menu_order":0,"comment_status":"closed","ping_status":"closed","template":"templates\/template-fullwidthsearch.php","meta":{"_acf_changed":false,"footnotes":""},"class_list":["post-35069","page","type-page","status-publish","has-post-thumbnail","hentry"],"acf":[],"yoast_head":"<!-- This site is optimized with the Yoast SEO plugin v25.6 - https:\/\/yoast.com\/wordpress\/plugins\/seo\/ -->\n<title>Informe Inmobiliario en la Costa del Sol\u00a02024 [Descarga PDF]<\/title>\n<meta name=\"description\" content=\"Desc\u00e1rgate ahora mismo el informe completo sobre el mercado inmobiliario de la Costa del Sol 2023 y ent\u00e9rate de lo que va a pasar este 2024.\" \/>\n<meta name=\"robots\" content=\"index, follow, max-snippet:-1, max-image-preview:large, max-video-preview:-1\" \/>\n<link rel=\"canonical\" href=\"https:\/\/thepropertyagent.es\/es\/costa-del-sol-mercado-inmobiliario\/\" \/>\n<meta property=\"og:locale\" content=\"es_ES\" \/>\n<meta property=\"og:type\" content=\"article\" \/>\n<meta property=\"og:title\" content=\"Informe Inmobiliario en la Costa del Sol\u00a02024 [Descarga PDF]\" \/>\n<meta property=\"og:description\" content=\"Desc\u00e1rgate ahora mismo el informe completo sobre el mercado inmobiliario de la Costa del Sol 2023 y ent\u00e9rate de lo que va a pasar este 2024.\" \/>\n<meta property=\"og:url\" content=\"https:\/\/thepropertyagent.es\/es\/costa-del-sol-mercado-inmobiliario\/\" \/>\n<meta property=\"og:site_name\" content=\"New Build &amp; Off-Plan Costa del Sol | The Property Agent\" \/>\n<meta property=\"article:publisher\" content=\"https:\/\/www.facebook.com\/celestealonsothepropertyagent\/?ref=aymt_homepage_panel\" \/>\n<meta property=\"article:modified_time\" content=\"2025-04-02T09:29:23+00:00\" \/>\n<meta property=\"og:image\" content=\"https:\/\/thepropertyagent.es\/wp-content\/uploads\/2024\/04\/Property-Market-Review-2023-The-Property-Agent.jpg\" \/>\n\t<meta property=\"og:image:width\" content=\"1200\" \/>\n\t<meta property=\"og:image:height\" content=\"680\" \/>\n\t<meta property=\"og:image:type\" content=\"image\/jpeg\" \/>\n<meta name=\"twitter:card\" content=\"summary_large_image\" \/>\n<meta name=\"twitter:site\" content=\"@Celeste_Alonso1\" \/>\n<meta name=\"twitter:label1\" content=\"Tiempo de lectura\" \/>\n\t<meta name=\"twitter:data1\" content=\"2 minutos\" \/>\n<script type=\"application\/ld+json\" class=\"yoast-schema-graph\">{\"@context\":\"https:\/\/schema.org\",\"@graph\":[{\"@type\":\"WebPage\",\"@id\":\"https:\/\/thepropertyagent.es\/es\/costa-del-sol-mercado-inmobiliario\/\",\"url\":\"https:\/\/thepropertyagent.es\/es\/costa-del-sol-mercado-inmobiliario\/\",\"name\":\"Informe Inmobiliario en la Costa del Sol\u00a02024 [Descarga PDF]\",\"isPartOf\":{\"@id\":\"https:\/\/thepropertyagent.es\/es\/#website\"},\"primaryImageOfPage\":{\"@id\":\"https:\/\/thepropertyagent.es\/es\/costa-del-sol-mercado-inmobiliario\/#primaryimage\"},\"image\":{\"@id\":\"https:\/\/thepropertyagent.es\/es\/costa-del-sol-mercado-inmobiliario\/#primaryimage\"},\"thumbnailUrl\":\"https:\/\/thepropertyagent.es\/wp-content\/uploads\/2024\/04\/Property-Market-Review-2023-The-Property-Agent.jpg\",\"datePublished\":\"2021-03-09T23:18:15+00:00\",\"dateModified\":\"2025-04-02T09:29:23+00:00\",\"description\":\"Desc\u00e1rgate ahora mismo el informe completo sobre el mercado inmobiliario de la Costa del Sol 2023 y ent\u00e9rate de lo que va a pasar este 2024.\",\"breadcrumb\":{\"@id\":\"https:\/\/thepropertyagent.es\/es\/costa-del-sol-mercado-inmobiliario\/#breadcrumb\"},\"inLanguage\":\"es\",\"potentialAction\":[{\"@type\":\"ReadAction\",\"target\":[\"https:\/\/thepropertyagent.es\/es\/costa-del-sol-mercado-inmobiliario\/\"]}]},{\"@type\":\"ImageObject\",\"inLanguage\":\"es\",\"@id\":\"https:\/\/thepropertyagent.es\/es\/costa-del-sol-mercado-inmobiliario\/#primaryimage\",\"url\":\"https:\/\/thepropertyagent.es\/wp-content\/uploads\/2024\/04\/Property-Market-Review-2023-The-Property-Agent.jpg\",\"contentUrl\":\"https:\/\/thepropertyagent.es\/wp-content\/uploads\/2024\/04\/Property-Market-Review-2023-The-Property-Agent.jpg\",\"width\":1200,\"height\":680,\"caption\":\"Property Market Review 2023 The Property Agent\"},{\"@type\":\"BreadcrumbList\",\"@id\":\"https:\/\/thepropertyagent.es\/es\/costa-del-sol-mercado-inmobiliario\/#breadcrumb\",\"itemListElement\":[{\"@type\":\"ListItem\",\"position\":1,\"name\":\"Home\",\"item\":\"https:\/\/thepropertyagent.es\/es\/\"},{\"@type\":\"ListItem\",\"position\":2,\"name\":\"Estudio del Mercado Inmobiliario en la Costa del Sol\u00a02024\"}]},{\"@type\":\"WebSite\",\"@id\":\"https:\/\/thepropertyagent.es\/es\/#website\",\"url\":\"https:\/\/thepropertyagent.es\/es\/\",\"name\":\"New Build &amp; Off-Plan Costa del Sol | The Property Agent\",\"description\":\"New &amp; off-plan luxury properties for sale in Costa del Sol, Spain\",\"publisher\":{\"@id\":\"https:\/\/thepropertyagent.es\/es\/#organization\"},\"potentialAction\":[{\"@type\":\"SearchAction\",\"target\":{\"@type\":\"EntryPoint\",\"urlTemplate\":\"https:\/\/thepropertyagent.es\/es\/?s={search_term_string}\"},\"query-input\":{\"@type\":\"PropertyValueSpecification\",\"valueRequired\":true,\"valueName\":\"search_term_string\"}}],\"inLanguage\":\"es\"},{\"@type\":\"Organization\",\"@id\":\"https:\/\/thepropertyagent.es\/es\/#organization\",\"name\":\"The Property Agent\",\"url\":\"https:\/\/thepropertyagent.es\/es\/\",\"logo\":{\"@type\":\"ImageObject\",\"inLanguage\":\"es\",\"@id\":\"https:\/\/thepropertyagent.es\/es\/#\/schema\/logo\/image\/\",\"url\":\"https:\/\/thepropertyagent.es\/wp-content\/uploads\/2018\/02\/profile-picture.jpg\",\"contentUrl\":\"https:\/\/thepropertyagent.es\/wp-content\/uploads\/2018\/02\/profile-picture.jpg\",\"width\":500,\"height\":500,\"caption\":\"The Property Agent\"},\"image\":{\"@id\":\"https:\/\/thepropertyagent.es\/es\/#\/schema\/logo\/image\/\"},\"sameAs\":[\"https:\/\/www.facebook.com\/celestealonsothepropertyagent\/?ref=aymt_homepage_panel\",\"https:\/\/x.com\/Celeste_Alonso1\",\"https:\/\/www.instagram.com\/celestealonso78\/\",\"https:\/\/www.linkedin.com\/in\/celeste-alonso-866b531b\/\",\"https:\/\/www.youtube.com\/channel\/UC1Bdro4vrCVwSfMkBUcg9gA\"]}]}<\/script>\n<!-- \/ Yoast SEO plugin. -->","yoast_head_json":{"title":"Informe Inmobiliario en la Costa del Sol\u00a02024 [Descarga PDF]","description":"Desc\u00e1rgate ahora mismo el informe completo sobre el mercado inmobiliario de la Costa del Sol 2023 y ent\u00e9rate de lo que va a pasar este 2024.","robots":{"index":"index","follow":"follow","max-snippet":"max-snippet:-1","max-image-preview":"max-image-preview:large","max-video-preview":"max-video-preview:-1"},"canonical":"https:\/\/thepropertyagent.es\/es\/costa-del-sol-mercado-inmobiliario\/","og_locale":"es_ES","og_type":"article","og_title":"Informe Inmobiliario en la Costa del Sol\u00a02024 [Descarga PDF]","og_description":"Desc\u00e1rgate ahora mismo el informe completo sobre el mercado inmobiliario de la Costa del Sol 2023 y ent\u00e9rate de lo que va a pasar este 2024.","og_url":"https:\/\/thepropertyagent.es\/es\/costa-del-sol-mercado-inmobiliario\/","og_site_name":"New Build &amp; Off-Plan Costa del Sol | The Property Agent","article_publisher":"https:\/\/www.facebook.com\/celestealonsothepropertyagent\/?ref=aymt_homepage_panel","article_modified_time":"2025-04-02T09:29:23+00:00","og_image":[{"width":1200,"height":680,"url":"https:\/\/thepropertyagent.es\/wp-content\/uploads\/2024\/04\/Property-Market-Review-2023-The-Property-Agent.jpg","type":"image\/jpeg"}],"twitter_card":"summary_large_image","twitter_site":"@Celeste_Alonso1","twitter_misc":{"Tiempo de lectura":"2 minutos"},"schema":{"@context":"https:\/\/schema.org","@graph":[{"@type":"WebPage","@id":"https:\/\/thepropertyagent.es\/es\/costa-del-sol-mercado-inmobiliario\/","url":"https:\/\/thepropertyagent.es\/es\/costa-del-sol-mercado-inmobiliario\/","name":"Informe Inmobiliario en la Costa del Sol\u00a02024 [Descarga PDF]","isPartOf":{"@id":"https:\/\/thepropertyagent.es\/es\/#website"},"primaryImageOfPage":{"@id":"https:\/\/thepropertyagent.es\/es\/costa-del-sol-mercado-inmobiliario\/#primaryimage"},"image":{"@id":"https:\/\/thepropertyagent.es\/es\/costa-del-sol-mercado-inmobiliario\/#primaryimage"},"thumbnailUrl":"https:\/\/thepropertyagent.es\/wp-content\/uploads\/2024\/04\/Property-Market-Review-2023-The-Property-Agent.jpg","datePublished":"2021-03-09T23:18:15+00:00","dateModified":"2025-04-02T09:29:23+00:00","description":"Desc\u00e1rgate ahora mismo el informe completo sobre el mercado inmobiliario de la Costa del Sol 2023 y ent\u00e9rate de lo que va a pasar este 2024.","breadcrumb":{"@id":"https:\/\/thepropertyagent.es\/es\/costa-del-sol-mercado-inmobiliario\/#breadcrumb"},"inLanguage":"es","potentialAction":[{"@type":"ReadAction","target":["https:\/\/thepropertyagent.es\/es\/costa-del-sol-mercado-inmobiliario\/"]}]},{"@type":"ImageObject","inLanguage":"es","@id":"https:\/\/thepropertyagent.es\/es\/costa-del-sol-mercado-inmobiliario\/#primaryimage","url":"https:\/\/thepropertyagent.es\/wp-content\/uploads\/2024\/04\/Property-Market-Review-2023-The-Property-Agent.jpg","contentUrl":"https:\/\/thepropertyagent.es\/wp-content\/uploads\/2024\/04\/Property-Market-Review-2023-The-Property-Agent.jpg","width":1200,"height":680,"caption":"Property Market Review 2023 The Property Agent"},{"@type":"BreadcrumbList","@id":"https:\/\/thepropertyagent.es\/es\/costa-del-sol-mercado-inmobiliario\/#breadcrumb","itemListElement":[{"@type":"ListItem","position":1,"name":"Home","item":"https:\/\/thepropertyagent.es\/es\/"},{"@type":"ListItem","position":2,"name":"Estudio del Mercado Inmobiliario en la Costa del Sol\u00a02024"}]},{"@type":"WebSite","@id":"https:\/\/thepropertyagent.es\/es\/#website","url":"https:\/\/thepropertyagent.es\/es\/","name":"New Build &amp; Off-Plan Costa del Sol | The Property Agent","description":"New &amp; off-plan luxury properties for sale in Costa del Sol, Spain","publisher":{"@id":"https:\/\/thepropertyagent.es\/es\/#organization"},"potentialAction":[{"@type":"SearchAction","target":{"@type":"EntryPoint","urlTemplate":"https:\/\/thepropertyagent.es\/es\/?s={search_term_string}"},"query-input":{"@type":"PropertyValueSpecification","valueRequired":true,"valueName":"search_term_string"}}],"inLanguage":"es"},{"@type":"Organization","@id":"https:\/\/thepropertyagent.es\/es\/#organization","name":"The Property Agent","url":"https:\/\/thepropertyagent.es\/es\/","logo":{"@type":"ImageObject","inLanguage":"es","@id":"https:\/\/thepropertyagent.es\/es\/#\/schema\/logo\/image\/","url":"https:\/\/thepropertyagent.es\/wp-content\/uploads\/2018\/02\/profile-picture.jpg","contentUrl":"https:\/\/thepropertyagent.es\/wp-content\/uploads\/2018\/02\/profile-picture.jpg","width":500,"height":500,"caption":"The Property Agent"},"image":{"@id":"https:\/\/thepropertyagent.es\/es\/#\/schema\/logo\/image\/"},"sameAs":["https:\/\/www.facebook.com\/celestealonsothepropertyagent\/?ref=aymt_homepage_panel","https:\/\/x.com\/Celeste_Alonso1","https:\/\/www.instagram.com\/celestealonso78\/","https:\/\/www.linkedin.com\/in\/celeste-alonso-866b531b\/","https:\/\/www.youtube.com\/channel\/UC1Bdro4vrCVwSfMkBUcg9gA"]}]}},"_links":{"self":[{"href":"https:\/\/thepropertyagent.es\/es\/wp-json\/wp\/v2\/pages\/35069","targetHints":{"allow":["GET"]}}],"collection":[{"href":"https:\/\/thepropertyagent.es\/es\/wp-json\/wp\/v2\/pages"}],"about":[{"href":"https:\/\/thepropertyagent.es\/es\/wp-json\/wp\/v2\/types\/page"}],"author":[{"embeddable":true,"href":"https:\/\/thepropertyagent.es\/es\/wp-json\/wp\/v2\/users\/1"}],"replies":[{"embeddable":true,"href":"https:\/\/thepropertyagent.es\/es\/wp-json\/wp\/v2\/comments?post=35069"}],"version-history":[{"count":0,"href":"https:\/\/thepropertyagent.es\/es\/wp-json\/wp\/v2\/pages\/35069\/revisions"}],"wp:featuredmedia":[{"embeddable":true,"href":"https:\/\/thepropertyagent.es\/es\/wp-json\/wp\/v2\/media\/75113"}],"wp:attachment":[{"href":"https:\/\/thepropertyagent.es\/es\/wp-json\/wp\/v2\/media?parent=35069"}],"curies":[{"name":"wp","href":"https:\/\/api.w.org\/{rel}","templated":true}]}}