{"id":33823,"date":"2021-02-23T10:50:30","date_gmt":"2021-02-23T10:50:30","guid":{"rendered":"https:\/\/thepropertyagent.es\/?page_id=33823"},"modified":"2022-03-29T14:34:59","modified_gmt":"2022-03-29T14:34:59","slug":"el-mirador-villas-la-reserva-de-sotogrande","status":"publish","type":"page","link":"https:\/\/thepropertyagent.es\/es\/el-mirador-villas-la-reserva-de-sotogrande\/","title":{"rendered":"El Mirador Villas &#8211; La Reserva de Sotogrande"},"content":{"rendered":"<div class=\"wpb-content-wrapper\"><p>[vc_row][vc_column][vc_single_image image=\u00bb33321&#8243; img_size=\u00bbfull\u00bb alignment=\u00bbcenter\u00bb][\/vc_column][\/vc_row][vc_row][vc_column width=\u00bb4\/6&#8243;][vc_column_text]<\/p>\n<h1>El Mirador Villas<\/h1>\n<p><strong>El Mirador Villas<\/strong> es una comunidad privada de seis villas excepcionales ubicadas en <a href=\"https:\/\/thepropertyagent.es\/es\/area-guide\/sotogrande\/\">Sotogrande<\/a> en la exclusiva comunidad de La Reserva en la Costa del Sol. Cada una de estas exquisitas villas disfruta de unas impresionantes vistas a los alrededores, el campo de golf y el mar Mediterr\u00e1neo.<\/p>\n<p>Dise\u00f1adas por el renombrado arquitecto Manuel Ruiz de ARK, cada una de estas innovadoras casas es \u00fanica, construida para maximizar las impresionantes vistas, con ventanas que van del suelo al techo, terrazas escalonadas y amplios espacios al aire libre. Cada una se puede personalizar para incluir alojamiento para el personal, spa, piscinas cubiertas y al aire libre, gimnasio, sauna, cine y bodega. Una colecci\u00f3n excepcional de villas dise\u00f1adas para brindar la m\u00e1xima privacidad y seguridad a sus propietarios.<\/p>\n<p><strong>El Mirador<\/strong> es un destacado proyecto en Sotogrande, que re\u00fane lo mejor de la vida moderna combinado con el entorno verdaderamente impresionante de Sotogrande y las impresionantes vistas del mar Mediterr\u00e1neo.[\/vc_column_text][vc_video link=\u00bbhttps:\/\/youtu.be\/eQlbLK5fU-Q\u00bb][\/vc_column][vc_column width=\u00bb2\/6&#8243;][vc_widget_sidebar sidebar_id=\u00bbsidebar-11&#8243;][\/vc_column][\/vc_row][vc_row][vc_column][vc_column_text]<\/p>\n<h1>El Mirador Villas<\/h1>\n<p>[\/vc_column_text][\/vc_column][\/vc_row][vc_row el_class=\u00bblastrow\u00bb][vc_column width=\u00bb1\/2&#8243;]<div class=\"inspiry-message\"><strong>Result:<\/strong> <span>No Properties Found!<\/span><\/div>[\/vc_column][vc_column width=\u00bb1\/2&#8243;][vc_widget_sidebar sidebar_id=\u00bbsidebar-12&#8243;][\/vc_column][\/vc_row][vc_row][vc_column][vc_empty_space][\/vc_column][\/vc_row]<\/p>\n<\/div>","protected":false},"excerpt":{"rendered":"<p>[vc_row][vc_column][vc_single_image image=\u00bb33321&#8243; img_size=\u00bbfull\u00bb alignment=\u00bbcenter\u00bb][\/vc_column][\/vc_row][vc_row][vc_column width=\u00bb4\/6&#8243;][vc_column_text] El Mirador Villas El Mirador Villas es una comunidad privada de seis villas excepcionales ubicadas en Sotogrande en la exclusiva comunidad de La Reserva en la Costa del Sol. Cada una de estas exquisitas villas disfruta de unas impresionantes vistas a los alrededores, el campo de golf y el mar&#8230;<\/p>\n","protected":false},"author":1,"featured_media":0,"parent":0,"menu_order":0,"comment_status":"closed","ping_status":"closed","template":"templates\/template-fullwidthsearch.php","meta":{"_acf_changed":false,"footnotes":""},"class_list":["post-33823","page","type-page","status-publish","hentry"],"acf":[],"yoast_head":"<!-- This site is optimized with the Yoast SEO plugin v25.6 - https:\/\/yoast.com\/wordpress\/plugins\/seo\/ -->\n<title>El Mirador Villas - La Reserva de Sotogrande Costa del Sol<\/title>\n<meta name=\"description\" content=\"El Mirador es una comunidad privada de seis excepcionales y \u00fanicas villas dise\u00f1adas por Manuel Ruiz de ARK en La Reserva en la Costa del Sol.\" \/>\n<meta name=\"robots\" content=\"index, follow, max-snippet:-1, max-image-preview:large, max-video-preview:-1\" \/>\n<link rel=\"canonical\" href=\"https:\/\/thepropertyagent.es\/es\/el-mirador-villas-la-reserva-de-sotogrande\/\" \/>\n<meta property=\"og:locale\" content=\"es_ES\" \/>\n<meta property=\"og:type\" content=\"article\" \/>\n<meta property=\"og:title\" content=\"El Mirador Villas - La Reserva de Sotogrande Costa del Sol\" \/>\n<meta property=\"og:description\" content=\"El Mirador es una comunidad privada de seis excepcionales y \u00fanicas villas dise\u00f1adas por Manuel Ruiz de ARK en La Reserva en la Costa del Sol.\" \/>\n<meta property=\"og:url\" content=\"https:\/\/thepropertyagent.es\/es\/el-mirador-villas-la-reserva-de-sotogrande\/\" \/>\n<meta property=\"og:site_name\" content=\"New Build &amp; Off-Plan Costa del Sol | The Property Agent\" \/>\n<meta property=\"article:publisher\" content=\"https:\/\/www.facebook.com\/celestealonsothepropertyagent\/?ref=aymt_homepage_panel\" \/>\n<meta property=\"article:modified_time\" content=\"2022-03-29T14:34:59+00:00\" \/>\n<meta name=\"twitter:card\" content=\"summary_large_image\" \/>\n<meta name=\"twitter:site\" content=\"@Celeste_Alonso1\" \/>\n<meta name=\"twitter:label1\" content=\"Tiempo de lectura\" \/>\n\t<meta name=\"twitter:data1\" content=\"1 minuto\" \/>\n<script type=\"application\/ld+json\" class=\"yoast-schema-graph\">{\"@context\":\"https:\/\/schema.org\",\"@graph\":[{\"@type\":\"WebPage\",\"@id\":\"https:\/\/thepropertyagent.es\/es\/el-mirador-villas-la-reserva-de-sotogrande\/\",\"url\":\"https:\/\/thepropertyagent.es\/es\/el-mirador-villas-la-reserva-de-sotogrande\/\",\"name\":\"El Mirador Villas - La Reserva de Sotogrande Costa del Sol\",\"isPartOf\":{\"@id\":\"https:\/\/thepropertyagent.es\/es\/#website\"},\"datePublished\":\"2021-02-23T10:50:30+00:00\",\"dateModified\":\"2022-03-29T14:34:59+00:00\",\"description\":\"El Mirador es una comunidad privada de seis excepcionales y \u00fanicas villas dise\u00f1adas por Manuel Ruiz de ARK en La Reserva en la Costa del Sol.\",\"breadcrumb\":{\"@id\":\"https:\/\/thepropertyagent.es\/es\/el-mirador-villas-la-reserva-de-sotogrande\/#breadcrumb\"},\"inLanguage\":\"es\",\"potentialAction\":[{\"@type\":\"ReadAction\",\"target\":[\"https:\/\/thepropertyagent.es\/es\/el-mirador-villas-la-reserva-de-sotogrande\/\"]}]},{\"@type\":\"BreadcrumbList\",\"@id\":\"https:\/\/thepropertyagent.es\/es\/el-mirador-villas-la-reserva-de-sotogrande\/#breadcrumb\",\"itemListElement\":[{\"@type\":\"ListItem\",\"position\":1,\"name\":\"Home\",\"item\":\"https:\/\/thepropertyagent.es\/es\/\"},{\"@type\":\"ListItem\",\"position\":2,\"name\":\"El Mirador Villas &#8211; La Reserva de Sotogrande\"}]},{\"@type\":\"WebSite\",\"@id\":\"https:\/\/thepropertyagent.es\/es\/#website\",\"url\":\"https:\/\/thepropertyagent.es\/es\/\",\"name\":\"New Build &amp; Off-Plan Costa del Sol | The Property Agent\",\"description\":\"New &amp; off-plan luxury properties for sale in Costa del Sol, Spain\",\"publisher\":{\"@id\":\"https:\/\/thepropertyagent.es\/es\/#organization\"},\"potentialAction\":[{\"@type\":\"SearchAction\",\"target\":{\"@type\":\"EntryPoint\",\"urlTemplate\":\"https:\/\/thepropertyagent.es\/es\/?s={search_term_string}\"},\"query-input\":{\"@type\":\"PropertyValueSpecification\",\"valueRequired\":true,\"valueName\":\"search_term_string\"}}],\"inLanguage\":\"es\"},{\"@type\":\"Organization\",\"@id\":\"https:\/\/thepropertyagent.es\/es\/#organization\",\"name\":\"The Property Agent\",\"url\":\"https:\/\/thepropertyagent.es\/es\/\",\"logo\":{\"@type\":\"ImageObject\",\"inLanguage\":\"es\",\"@id\":\"https:\/\/thepropertyagent.es\/es\/#\/schema\/logo\/image\/\",\"url\":\"https:\/\/thepropertyagent.es\/wp-content\/uploads\/2018\/02\/profile-picture.jpg\",\"contentUrl\":\"https:\/\/thepropertyagent.es\/wp-content\/uploads\/2018\/02\/profile-picture.jpg\",\"width\":500,\"height\":500,\"caption\":\"The Property Agent\"},\"image\":{\"@id\":\"https:\/\/thepropertyagent.es\/es\/#\/schema\/logo\/image\/\"},\"sameAs\":[\"https:\/\/www.facebook.com\/celestealonsothepropertyagent\/?ref=aymt_homepage_panel\",\"https:\/\/x.com\/Celeste_Alonso1\",\"https:\/\/www.instagram.com\/celestealonso78\/\",\"https:\/\/www.linkedin.com\/in\/celeste-alonso-866b531b\/\",\"https:\/\/www.youtube.com\/channel\/UC1Bdro4vrCVwSfMkBUcg9gA\"]}]}<\/script>\n<!-- \/ Yoast SEO plugin. -->","yoast_head_json":{"title":"El Mirador Villas - La Reserva de Sotogrande Costa del Sol","description":"El Mirador es una comunidad privada de seis excepcionales y \u00fanicas villas dise\u00f1adas por Manuel Ruiz de ARK en La Reserva en la Costa del Sol.","robots":{"index":"index","follow":"follow","max-snippet":"max-snippet:-1","max-image-preview":"max-image-preview:large","max-video-preview":"max-video-preview:-1"},"canonical":"https:\/\/thepropertyagent.es\/es\/el-mirador-villas-la-reserva-de-sotogrande\/","og_locale":"es_ES","og_type":"article","og_title":"El Mirador Villas - La Reserva de Sotogrande Costa del Sol","og_description":"El Mirador es una comunidad privada de seis excepcionales y \u00fanicas villas dise\u00f1adas por Manuel Ruiz de ARK en La Reserva en la Costa del Sol.","og_url":"https:\/\/thepropertyagent.es\/es\/el-mirador-villas-la-reserva-de-sotogrande\/","og_site_name":"New Build &amp; Off-Plan Costa del Sol | The Property Agent","article_publisher":"https:\/\/www.facebook.com\/celestealonsothepropertyagent\/?ref=aymt_homepage_panel","article_modified_time":"2022-03-29T14:34:59+00:00","twitter_card":"summary_large_image","twitter_site":"@Celeste_Alonso1","twitter_misc":{"Tiempo de lectura":"1 minuto"},"schema":{"@context":"https:\/\/schema.org","@graph":[{"@type":"WebPage","@id":"https:\/\/thepropertyagent.es\/es\/el-mirador-villas-la-reserva-de-sotogrande\/","url":"https:\/\/thepropertyagent.es\/es\/el-mirador-villas-la-reserva-de-sotogrande\/","name":"El Mirador Villas - La Reserva de Sotogrande Costa del Sol","isPartOf":{"@id":"https:\/\/thepropertyagent.es\/es\/#website"},"datePublished":"2021-02-23T10:50:30+00:00","dateModified":"2022-03-29T14:34:59+00:00","description":"El Mirador es una comunidad privada de seis excepcionales y \u00fanicas villas dise\u00f1adas por Manuel Ruiz de ARK en La Reserva en la Costa del Sol.","breadcrumb":{"@id":"https:\/\/thepropertyagent.es\/es\/el-mirador-villas-la-reserva-de-sotogrande\/#breadcrumb"},"inLanguage":"es","potentialAction":[{"@type":"ReadAction","target":["https:\/\/thepropertyagent.es\/es\/el-mirador-villas-la-reserva-de-sotogrande\/"]}]},{"@type":"BreadcrumbList","@id":"https:\/\/thepropertyagent.es\/es\/el-mirador-villas-la-reserva-de-sotogrande\/#breadcrumb","itemListElement":[{"@type":"ListItem","position":1,"name":"Home","item":"https:\/\/thepropertyagent.es\/es\/"},{"@type":"ListItem","position":2,"name":"El Mirador Villas &#8211; La Reserva de Sotogrande"}]},{"@type":"WebSite","@id":"https:\/\/thepropertyagent.es\/es\/#website","url":"https:\/\/thepropertyagent.es\/es\/","name":"New Build &amp; Off-Plan Costa del Sol | The Property Agent","description":"New &amp; off-plan luxury properties for sale in Costa del Sol, Spain","publisher":{"@id":"https:\/\/thepropertyagent.es\/es\/#organization"},"potentialAction":[{"@type":"SearchAction","target":{"@type":"EntryPoint","urlTemplate":"https:\/\/thepropertyagent.es\/es\/?s={search_term_string}"},"query-input":{"@type":"PropertyValueSpecification","valueRequired":true,"valueName":"search_term_string"}}],"inLanguage":"es"},{"@type":"Organization","@id":"https:\/\/thepropertyagent.es\/es\/#organization","name":"The Property Agent","url":"https:\/\/thepropertyagent.es\/es\/","logo":{"@type":"ImageObject","inLanguage":"es","@id":"https:\/\/thepropertyagent.es\/es\/#\/schema\/logo\/image\/","url":"https:\/\/thepropertyagent.es\/wp-content\/uploads\/2018\/02\/profile-picture.jpg","contentUrl":"https:\/\/thepropertyagent.es\/wp-content\/uploads\/2018\/02\/profile-picture.jpg","width":500,"height":500,"caption":"The Property Agent"},"image":{"@id":"https:\/\/thepropertyagent.es\/es\/#\/schema\/logo\/image\/"},"sameAs":["https:\/\/www.facebook.com\/celestealonsothepropertyagent\/?ref=aymt_homepage_panel","https:\/\/x.com\/Celeste_Alonso1","https:\/\/www.instagram.com\/celestealonso78\/","https:\/\/www.linkedin.com\/in\/celeste-alonso-866b531b\/","https:\/\/www.youtube.com\/channel\/UC1Bdro4vrCVwSfMkBUcg9gA"]}]}},"_links":{"self":[{"href":"https:\/\/thepropertyagent.es\/es\/wp-json\/wp\/v2\/pages\/33823","targetHints":{"allow":["GET"]}}],"collection":[{"href":"https:\/\/thepropertyagent.es\/es\/wp-json\/wp\/v2\/pages"}],"about":[{"href":"https:\/\/thepropertyagent.es\/es\/wp-json\/wp\/v2\/types\/page"}],"author":[{"embeddable":true,"href":"https:\/\/thepropertyagent.es\/es\/wp-json\/wp\/v2\/users\/1"}],"replies":[{"embeddable":true,"href":"https:\/\/thepropertyagent.es\/es\/wp-json\/wp\/v2\/comments?post=33823"}],"version-history":[{"count":0,"href":"https:\/\/thepropertyagent.es\/es\/wp-json\/wp\/v2\/pages\/33823\/revisions"}],"wp:attachment":[{"href":"https:\/\/thepropertyagent.es\/es\/wp-json\/wp\/v2\/media?parent=33823"}],"curies":[{"name":"wp","href":"https:\/\/api.w.org\/{rel}","templated":true}]}}