{"id":16021,"date":"2018-07-23T10:39:40","date_gmt":"2018-07-23T10:39:40","guid":{"rendered":"https:\/\/www.thepropertyagent.es\/?page_id=16021"},"modified":"2026-03-26T18:55:50","modified_gmt":"2026-03-26T18:55:50","slug":"aviso-legal","status":"publish","type":"page","link":"https:\/\/thepropertyagent.es\/es\/aviso-legal\/","title":{"rendered":"Aviso Legal"},"content":{"rendered":"<p>Maria Celeste Alonso Urbino, con CIF\/NIF n\u00ba: 79058987Y y direcci\u00f3n en: Urbanizaci\u00f3n El Casar Floresta 44, 11310 &#8211;<br \/>\nSotogrande (C\u00e1diz), no puede asumir ninguna responsabilidad derivada del uso incorrecto, inapropiado o il\u00edcito de la<br \/>\ninformaci\u00f3n aparecida en las p\u00e1ginas web de: https:\/\/www.thepropertyagent.es\/<\/p>\n<p>Con los l\u00edmites establecidos en la ley, Maria Celeste Alonso Urbino no asume ninguna responsabilidad derivada de la<br \/>\nfalta de veracidad, integridad, actualizaci\u00f3n y precisi\u00f3n de los datos o informaciones que contienen sus p\u00e1ginas web.<br \/>\nLos contenidos e informaci\u00f3n no vinculan a Maria Celeste Alonso Urbino ni constituyen opiniones, consejos o<br \/>\nasesoramiento legal de ning\u00fan tipo pues se trata meramente de un servicio ofrecido con car\u00e1cter informativo y<br \/>\ndivulgativo.<\/p>\n<p>Las p\u00e1ginas de Internet de Maria Celeste Alonso Urbino pueden contener enlaces (links) a otras p\u00e1ginas de terceras<br \/>\npartes que Maria Celeste Alonso Urbino no puede controlar. Por lo tanto, Maria Celeste Alonso Urbino no puede asumir<br \/>\nresponsabilidades por el contenido que pueda aparecer en p\u00e1ginas de terceros.<\/p>\n<p>Los textos, im\u00e1genes, sonidos, animaciones, software y el resto de contenidos incluidos en este website son propiedad<br \/>\nexclusiva de Maria Celeste Alonso Urbino o sus licenciantes. Cualquier acto de transmisi\u00f3n, distribuci\u00f3n, cesi\u00f3n,<br \/>\nreproducci\u00f3n, almacenamiento o comunicaci\u00f3n p\u00fablica total o parcial, deber\u00e1 contar con el consentimiento expreso de<br \/>\nMaria Celeste Alonso Urbino.<\/p>\n<p>Asimismo, para acceder a algunos de los servicios que Maria Celeste Alonso Urbino ofrece a trav\u00e9s del sitio web,<br \/>\ndeber\u00e1 proporcionar algunos datos de car\u00e1cter personal. En cumplimiento de lo establecido en el Reglamento (UE)<br \/>\n2016\/679 del Parlamento Europeo y del Consejo, de 27 de abril de 2016, relativo a la protecci\u00f3n de las personas f\u00edsicas<br \/>\nen lo que respecta al tratamiento de datos personales y a la libre circulaci\u00f3n de estos datos le informamos que,<br \/>\nmediante la cumplimentaci\u00f3n de los presentes formularios, sus datos personales quedar\u00e1n incorporados y ser\u00e1n<br \/>\ntratados en los ficheros de Maria Celeste Alonso Urbino con el fin de poderle prestar y ofrecer nuestros servicios as\u00ed<br \/>\ncomo para informarle de las mejoras del sitio Web.<\/p>\n<p>Le informamos tambi\u00e9n de que tendr\u00e1 la posibilidad en todo momento de ejercer los derechos de acceso, rectificaci\u00f3n,<br \/>\ncancelaci\u00f3n, oposici\u00f3n, limitaci\u00f3n y portabilidad de sus datos de car\u00e1cter personal, de manera gratuita mediante email<br \/>\na: celeste@thepropertyagent.es o en la direcci\u00f3n: Urbanizaci\u00f3n El Casar Floresta 44, 11310 &#8211; Sotogrande (C\u00e1diz).<\/p>\n","protected":false},"excerpt":{"rendered":"<p>Maria Celeste Alonso Urbino, con CIF\/NIF n\u00ba: 79058987Y y direcci\u00f3n en: Urbanizaci\u00f3n El Casar Floresta 44, 11310 &#8211; Sotogrande (C\u00e1diz), no puede asumir ninguna responsabilidad derivada del uso incorrecto, inapropiado o il\u00edcito de la informaci\u00f3n aparecida en las p\u00e1ginas web de: https:\/\/www.thepropertyagent.es\/ Con los l\u00edmites establecidos en la ley, Maria Celeste Alonso Urbino no asume&#8230;<\/p>\n","protected":false},"author":1,"featured_media":0,"parent":0,"menu_order":0,"comment_status":"closed","ping_status":"closed","template":"templates\/template-fullwidth.php","meta":{"_acf_changed":false,"footnotes":""},"class_list":["post-16021","page","type-page","status-publish","hentry"],"acf":[],"yoast_head":"<!-- This site is optimized with the Yoast SEO plugin v25.6 - https:\/\/yoast.com\/wordpress\/plugins\/seo\/ -->\n<title>Aviso Legal<\/title>\n<meta name=\"robots\" content=\"index, follow, max-snippet:-1, max-image-preview:large, max-video-preview:-1\" \/>\n<link rel=\"canonical\" href=\"https:\/\/thepropertyagent.es\/es\/aviso-legal\/\" \/>\n<meta property=\"og:locale\" content=\"es_ES\" \/>\n<meta property=\"og:type\" content=\"article\" \/>\n<meta property=\"og:title\" content=\"Aviso Legal\" \/>\n<meta property=\"og:description\" content=\"Maria Celeste Alonso Urbino, con CIF\/NIF n\u00ba: 79058987Y y direcci\u00f3n en: Urbanizaci\u00f3n El Casar Floresta 44, 11310 &#8211; Sotogrande (C\u00e1diz), no puede asumir ninguna responsabilidad derivada del uso incorrecto, inapropiado o il\u00edcito de la informaci\u00f3n aparecida en las p\u00e1ginas web de: https:\/\/www.thepropertyagent.es\/ Con los l\u00edmites establecidos en la ley, Maria Celeste Alonso Urbino no asume...\" \/>\n<meta property=\"og:url\" content=\"https:\/\/thepropertyagent.es\/es\/aviso-legal\/\" \/>\n<meta property=\"og:site_name\" content=\"New Build &amp; Off-Plan Costa del Sol | The Property Agent\" \/>\n<meta property=\"article:publisher\" content=\"https:\/\/www.facebook.com\/celestealonsothepropertyagent\/?ref=aymt_homepage_panel\" \/>\n<meta property=\"article:modified_time\" content=\"2026-03-26T18:55:50+00:00\" \/>\n<meta name=\"twitter:card\" content=\"summary_large_image\" \/>\n<meta name=\"twitter:site\" content=\"@Celeste_Alonso1\" \/>\n<meta name=\"twitter:label1\" content=\"Tiempo de lectura\" \/>\n\t<meta name=\"twitter:data1\" content=\"2 minutos\" \/>\n<script type=\"application\/ld+json\" class=\"yoast-schema-graph\">{\"@context\":\"https:\/\/schema.org\",\"@graph\":[{\"@type\":\"WebPage\",\"@id\":\"https:\/\/thepropertyagent.es\/es\/aviso-legal\/\",\"url\":\"https:\/\/thepropertyagent.es\/es\/aviso-legal\/\",\"name\":\"Aviso Legal\",\"isPartOf\":{\"@id\":\"https:\/\/thepropertyagent.es\/es\/#website\"},\"datePublished\":\"2018-07-23T10:39:40+00:00\",\"dateModified\":\"2026-03-26T18:55:50+00:00\",\"breadcrumb\":{\"@id\":\"https:\/\/thepropertyagent.es\/es\/aviso-legal\/#breadcrumb\"},\"inLanguage\":\"es\",\"potentialAction\":[{\"@type\":\"ReadAction\",\"target\":[\"https:\/\/thepropertyagent.es\/es\/aviso-legal\/\"]}]},{\"@type\":\"BreadcrumbList\",\"@id\":\"https:\/\/thepropertyagent.es\/es\/aviso-legal\/#breadcrumb\",\"itemListElement\":[{\"@type\":\"ListItem\",\"position\":1,\"name\":\"Home\",\"item\":\"https:\/\/thepropertyagent.es\/es\/\"},{\"@type\":\"ListItem\",\"position\":2,\"name\":\"Aviso Legal\"}]},{\"@type\":\"WebSite\",\"@id\":\"https:\/\/thepropertyagent.es\/es\/#website\",\"url\":\"https:\/\/thepropertyagent.es\/es\/\",\"name\":\"New Build &amp; Off-Plan Costa del Sol | The Property Agent\",\"description\":\"New &amp; off-plan luxury properties for sale in Costa del Sol, Spain\",\"publisher\":{\"@id\":\"https:\/\/thepropertyagent.es\/es\/#organization\"},\"potentialAction\":[{\"@type\":\"SearchAction\",\"target\":{\"@type\":\"EntryPoint\",\"urlTemplate\":\"https:\/\/thepropertyagent.es\/es\/?s={search_term_string}\"},\"query-input\":{\"@type\":\"PropertyValueSpecification\",\"valueRequired\":true,\"valueName\":\"search_term_string\"}}],\"inLanguage\":\"es\"},{\"@type\":\"Organization\",\"@id\":\"https:\/\/thepropertyagent.es\/es\/#organization\",\"name\":\"The Property Agent\",\"url\":\"https:\/\/thepropertyagent.es\/es\/\",\"logo\":{\"@type\":\"ImageObject\",\"inLanguage\":\"es\",\"@id\":\"https:\/\/thepropertyagent.es\/es\/#\/schema\/logo\/image\/\",\"url\":\"https:\/\/thepropertyagent.es\/wp-content\/uploads\/2018\/02\/profile-picture.jpg\",\"contentUrl\":\"https:\/\/thepropertyagent.es\/wp-content\/uploads\/2018\/02\/profile-picture.jpg\",\"width\":500,\"height\":500,\"caption\":\"The Property Agent\"},\"image\":{\"@id\":\"https:\/\/thepropertyagent.es\/es\/#\/schema\/logo\/image\/\"},\"sameAs\":[\"https:\/\/www.facebook.com\/celestealonsothepropertyagent\/?ref=aymt_homepage_panel\",\"https:\/\/x.com\/Celeste_Alonso1\",\"https:\/\/www.instagram.com\/celestealonso78\/\",\"https:\/\/www.linkedin.com\/in\/celeste-alonso-866b531b\/\",\"https:\/\/www.youtube.com\/channel\/UC1Bdro4vrCVwSfMkBUcg9gA\"]}]}<\/script>\n<!-- \/ Yoast SEO plugin. -->","yoast_head_json":{"title":"Aviso Legal","robots":{"index":"index","follow":"follow","max-snippet":"max-snippet:-1","max-image-preview":"max-image-preview:large","max-video-preview":"max-video-preview:-1"},"canonical":"https:\/\/thepropertyagent.es\/es\/aviso-legal\/","og_locale":"es_ES","og_type":"article","og_title":"Aviso Legal","og_description":"Maria Celeste Alonso Urbino, con CIF\/NIF n\u00ba: 79058987Y y direcci\u00f3n en: Urbanizaci\u00f3n El Casar Floresta 44, 11310 &#8211; Sotogrande (C\u00e1diz), no puede asumir ninguna responsabilidad derivada del uso incorrecto, inapropiado o il\u00edcito de la informaci\u00f3n aparecida en las p\u00e1ginas web de: https:\/\/www.thepropertyagent.es\/ Con los l\u00edmites establecidos en la ley, Maria Celeste Alonso Urbino no asume...","og_url":"https:\/\/thepropertyagent.es\/es\/aviso-legal\/","og_site_name":"New Build &amp; Off-Plan Costa del Sol | The Property Agent","article_publisher":"https:\/\/www.facebook.com\/celestealonsothepropertyagent\/?ref=aymt_homepage_panel","article_modified_time":"2026-03-26T18:55:50+00:00","twitter_card":"summary_large_image","twitter_site":"@Celeste_Alonso1","twitter_misc":{"Tiempo de lectura":"2 minutos"},"schema":{"@context":"https:\/\/schema.org","@graph":[{"@type":"WebPage","@id":"https:\/\/thepropertyagent.es\/es\/aviso-legal\/","url":"https:\/\/thepropertyagent.es\/es\/aviso-legal\/","name":"Aviso Legal","isPartOf":{"@id":"https:\/\/thepropertyagent.es\/es\/#website"},"datePublished":"2018-07-23T10:39:40+00:00","dateModified":"2026-03-26T18:55:50+00:00","breadcrumb":{"@id":"https:\/\/thepropertyagent.es\/es\/aviso-legal\/#breadcrumb"},"inLanguage":"es","potentialAction":[{"@type":"ReadAction","target":["https:\/\/thepropertyagent.es\/es\/aviso-legal\/"]}]},{"@type":"BreadcrumbList","@id":"https:\/\/thepropertyagent.es\/es\/aviso-legal\/#breadcrumb","itemListElement":[{"@type":"ListItem","position":1,"name":"Home","item":"https:\/\/thepropertyagent.es\/es\/"},{"@type":"ListItem","position":2,"name":"Aviso Legal"}]},{"@type":"WebSite","@id":"https:\/\/thepropertyagent.es\/es\/#website","url":"https:\/\/thepropertyagent.es\/es\/","name":"New Build &amp; Off-Plan Costa del Sol | The Property Agent","description":"New &amp; off-plan luxury properties for sale in Costa del Sol, Spain","publisher":{"@id":"https:\/\/thepropertyagent.es\/es\/#organization"},"potentialAction":[{"@type":"SearchAction","target":{"@type":"EntryPoint","urlTemplate":"https:\/\/thepropertyagent.es\/es\/?s={search_term_string}"},"query-input":{"@type":"PropertyValueSpecification","valueRequired":true,"valueName":"search_term_string"}}],"inLanguage":"es"},{"@type":"Organization","@id":"https:\/\/thepropertyagent.es\/es\/#organization","name":"The Property Agent","url":"https:\/\/thepropertyagent.es\/es\/","logo":{"@type":"ImageObject","inLanguage":"es","@id":"https:\/\/thepropertyagent.es\/es\/#\/schema\/logo\/image\/","url":"https:\/\/thepropertyagent.es\/wp-content\/uploads\/2018\/02\/profile-picture.jpg","contentUrl":"https:\/\/thepropertyagent.es\/wp-content\/uploads\/2018\/02\/profile-picture.jpg","width":500,"height":500,"caption":"The Property Agent"},"image":{"@id":"https:\/\/thepropertyagent.es\/es\/#\/schema\/logo\/image\/"},"sameAs":["https:\/\/www.facebook.com\/celestealonsothepropertyagent\/?ref=aymt_homepage_panel","https:\/\/x.com\/Celeste_Alonso1","https:\/\/www.instagram.com\/celestealonso78\/","https:\/\/www.linkedin.com\/in\/celeste-alonso-866b531b\/","https:\/\/www.youtube.com\/channel\/UC1Bdro4vrCVwSfMkBUcg9gA"]}]}},"_links":{"self":[{"href":"https:\/\/thepropertyagent.es\/es\/wp-json\/wp\/v2\/pages\/16021","targetHints":{"allow":["GET"]}}],"collection":[{"href":"https:\/\/thepropertyagent.es\/es\/wp-json\/wp\/v2\/pages"}],"about":[{"href":"https:\/\/thepropertyagent.es\/es\/wp-json\/wp\/v2\/types\/page"}],"author":[{"embeddable":true,"href":"https:\/\/thepropertyagent.es\/es\/wp-json\/wp\/v2\/users\/1"}],"replies":[{"embeddable":true,"href":"https:\/\/thepropertyagent.es\/es\/wp-json\/wp\/v2\/comments?post=16021"}],"version-history":[{"count":0,"href":"https:\/\/thepropertyagent.es\/es\/wp-json\/wp\/v2\/pages\/16021\/revisions"}],"wp:attachment":[{"href":"https:\/\/thepropertyagent.es\/es\/wp-json\/wp\/v2\/media?parent=16021"}],"curies":[{"name":"wp","href":"https:\/\/api.w.org\/{rel}","templated":true}]}}