{"id":16017,"date":"2018-07-22T21:35:36","date_gmt":"2018-07-22T21:35:36","guid":{"rendered":"https:\/\/www.thepropertyagent.es\/?page_id=16017"},"modified":"2018-07-22T21:35:36","modified_gmt":"2018-07-22T21:35:36","slug":"politica-de-cookies","status":"publish","type":"page","link":"https:\/\/thepropertyagent.es\/es\/politica-de-cookies\/","title":{"rendered":"Politica De Cookies"},"content":{"rendered":"<p>Maria Celeste Alonso Urbino informa acerca del uso de las cookies en su p\u00e1gina web: https:\/\/www.thepropertyagent.es\/<br \/>\n\u00bfQu\u00e9 son las cookies?<\/p>\n<p>Las cookies son archivos que se pueden descargar en su equipo a trav\u00e9s de las p\u00e1ginas web. Son herramientas que<br \/>\ntienen un papel esencial para la prestaci\u00f3n de numerosos servicios de la sociedad de la informaci\u00f3n. Entre otros,<br \/>\npermiten a una p\u00e1gina web almacenar y recuperar informaci\u00f3n sobre los h\u00e1bitos de navegaci\u00f3n de un usuario o de su<br \/>\nequipo y, dependiendo de la informaci\u00f3n obtenida, se pueden utilizar para reconocer al usuario y mejorar el servicio<br \/>\nofrecido.<\/p>\n<h4>Tipos de cookies<\/h4>\n<p>Seg\u00fan quien sea la entidad que gestione el dominio desde donde se env\u00edan las cookies y trate los datos que se<br \/>\nobtengan se pueden distinguir dos tipos:<\/p>\n<p>\u2022 Cookies propias:<br \/>\nAqu\u00e9llas que se env\u00edan al equipo terminal del usuario desde un equipo o dominio gestionado por el<br \/>\npropio editor y desde el que se presta el servicio solicitado por el usuario.<\/p>\n<p>\u2022 Cookies de terceros:<br \/>\nAqu\u00e9llas que se env\u00edan al equipo terminal del usuario desde un equipo o dominio que no es gestionado<br \/>\npor el editor, sino por otra entidad que trata los datos obtenidos trav\u00e9s de las cookies.<\/p>\n<p>En el caso de que las cookies sean instaladas desde un equipo o dominio gestionado por el propio editor pero la<br \/>\ninformaci\u00f3n que se recoja mediante \u00e9stas sea gestionada por un tercero, no pueden ser consideradas como cookies<br \/>\npropias.<\/p>\n<p>Existe tambi\u00e9n una segunda clasificaci\u00f3n seg\u00fan el plazo de tiempo que permanecen almacenadas en el navegador del<br \/>\ncliente, pudiendo tratarse de:<\/p>\n<p>\u2022 Cookies de sesi\u00f3n:<br \/>\nDise\u00f1adas para recabar y almacenar datos mientras el usuario accede a una p\u00e1gina web. Se suelen<br \/>\nemplear para almacenar informaci\u00f3n que solo interesa conservar para la prestaci\u00f3n del servicio<br \/>\nsolicitado por el usuario en una sola ocasi\u00f3n (p.e. una lista de productos adquiridos).<\/p>\n<p>\u2022 Cookies persistentes:<br \/>\nLos datos siguen almac<br \/>\nPor \u00faltimo, existe otra clasificaci\u00f3n con seis tipos de cookies seg\u00fan la finalidad para la que se traten los datos<br \/>\nobtenidos:<\/p>\n<p>\u2022 Cookies t\u00e9cnicas:<br \/>\nAquellas que permiten al usuario la navegaci\u00f3n a trav\u00e9s de una p\u00e1gina web, plataforma o aplicaci\u00f3n y<br \/>\nla utilizaci\u00f3n de las diferentes opciones o servicios que en ella existan como, por ejemplo, controlar el<br \/>\ntr\u00e1fico y la comunicaci\u00f3n de datos, identificar la sesi\u00f3n, acceder a partes de acceso restringido,<br \/>\nrecordar los elementos que integran un pedido, realizar el proceso de compra de un pedido, realizar la<br \/>\nsolicitud de inscripci\u00f3n o participaci\u00f3n en un evento, utilizar elementos de seguridad durante la<br \/>\nnavegaci\u00f3n, almacenar contenidos para la difusi\u00f3n de v\u00eddeos o sonido o compartir contenidos a trav\u00e9s<br \/>\nde redes sociales.<\/p>\n<p>\u2022 Cookies de personalizaci\u00f3n:<br \/>\nPermiten al usuario acceder al servicio con algunas caracter\u00edsticas de car\u00e1cter general predefinidas en<br \/>\nfunci\u00f3n de una serie de criterios en el terminal del usuario como por ejemplo serian el idioma, el tipo de<br \/>\nnavegador a trav\u00e9s del cual accede al servicio, la configuraci\u00f3n regional desde donde accede al<br \/>\nservicio, etc.<\/p>\n<p>\u2022 Cookies de an\u00e1lisis:<br \/>\nPermiten al responsable de las mismas, el seguimiento y an\u00e1lisis del comportamiento de los usuarios<br \/>\nde los sitios web a los que est\u00e1n vinculadas. La informaci\u00f3n recogida mediante este tipo de cookies se<br \/>\nutiliza en la medici\u00f3n de la actividad de los sitios web, aplicaci\u00f3n o plataforma y para la elaboraci\u00f3n de<br \/>\nperfiles de navegaci\u00f3n de los usuarios de dichos sitios, aplicaciones y plataformas, con el fin de<br \/>\nintroducir mejoras en funci\u00f3n del an\u00e1lisis de los datos de uso que hacen los usuarios del servicio.<\/p>\n<p>\u2022 Cookies publicitarias:<br \/>\nPermiten la gesti\u00f3n, de la forma m\u00e1s eficaz posible, de los espacios publicitarios.<\/p>\n<p>\u2022 Cookies de publicidad comportamental:<br \/>\nAlmacenan informaci\u00f3n del comportamiento de los usuarios obtenida a trav\u00e9s de la observaci\u00f3n<br \/>\ncontinuada de sus h\u00e1bitos de navegaci\u00f3n, lo que permite desarrollar un perfil espec\u00edfico para mostrar<br \/>\npublicidad en funci\u00f3n del mismo.<\/p>\n<p>\u2022 Cookies de redes sociales externas:<br \/>\nSe utilizan para que los visitantes puedan interactuar con el contenido de diferentes plataformas<br \/>\nsociales (facebook, youtube, twitter, linkedIn, etc..) y que se generen \u00fanicamente para los usuarios de<br \/>\ndichas redes sociales. Las condiciones de utilizaci\u00f3n de estas cookies y la informaci\u00f3n recopilada se<br \/>\nregula por la pol\u00edtica de privacidad de la plataforma social correspondiente.<\/p>\n<h4>Desactivaci\u00f3n y eliminaci\u00f3n de cookies<\/h4>\n<p>Tienes la opci\u00f3n de permitir, bloquear o eliminar las cookies instaladas en tu equipo mediante la configuraci\u00f3n de las<br \/>\nopciones del navegador instalado en su equipo. Al desactivar cookies, algunos de los servicios disponibles podr\u00edan<br \/>\ndejar de estar operativos. La forma de deshabilitar las cookies es diferente para cada navegador, pero normalmente<br \/>\npuede hacerse desde el men\u00fa Herramientas u Opciones. Tambi\u00e9n puede consultarse el men\u00fa de Ayuda del navegador<br \/>\nd\u00f3nde puedes encontrar instrucciones. El usuario podr\u00e1 en cualquier momento elegir qu\u00e9 cookies quiere que funcionen<br \/>\nen este sitio web.<\/p>\n<p>Puede usted permitir, bloquear o eliminar las cookies instaladas en su equipo mediante la configuraci\u00f3n de las opciones<br \/>\ndel navegador instalado en su ordenador:<\/p>\n<p>\u2022 Microsoft Internet Explorer o Microsoft Edge:<br \/>\nhttp:\/\/windows.microsoft.com\/es-es\/windows-vista\/Block-or-allow-cookies<\/p>\n<p>\u2022 Mozilla Firefox:<br \/>\nhttp:\/\/support.mozilla.org\/es\/kb\/impedir-que-los-sitios-web-guarden-sus-preferencia<\/p>\n<p>\u2022 Chrome:<br \/>\nhttps:\/\/support.google.com\/accounts\/answer\/61416?hl=es<\/p>\n<p>\u2022 Safari:<br \/>\nhttp:\/\/safari.helpmax.net\/es\/privacidad-y-seguridad\/como-gestionar-las-cookies\/<\/p>\n<p>\u2022 Opera:<br \/>\nhttp:\/\/help.opera.com\/Linux\/10.60\/es-ES\/cookies.html<\/p>\n<p>Adem\u00e1s, tambi\u00e9n puede gestionar el almac\u00e9n de cookies en su navegador a trav\u00e9s de herramientas como las<br \/>\nsiguientes<\/p>\n<p>\u2022 Ghostery:<br \/>\nwww.ghostery.com\/<\/p>\n<p>\u2022 Your Online Choices:<br \/>\nwww.youronlinechoices.com\/es\/<\/p>\n<h4>Cookies utilizadas en https:\/\/www.thepropertyagent.es\/<\/h4>\n<p>A continuaci\u00f3n se identifican las cookies que est\u00e1n siendo utilizadas en este portal as\u00ed como su tipolog\u00eda y funci\u00f3n:<br \/>\nAceptaci\u00f3n de la Pol\u00edtica de cookies<\/p>\n<p>https:\/\/www.thepropertyagent.es\/, asume que usted acepta el uso de cookies. No obstante, muestra informaci\u00f3n sobre<br \/>\nsu Pol\u00edtica de cookies en la parte inferior o superior de cualquier p\u00e1gina del portal con cada inicio de sesi\u00f3n con el<br \/>\nobjeto de que usted sea consciente.<\/p>\n<p>Ante esta informaci\u00f3n es posible llevar a cabo las siguientes acciones:<\/p>\n<p>\u2022 Aceptar cookies:<br \/>\nNo se volver\u00e1 a visualizar este aviso al acceder a cualquier p\u00e1gina del portal durante la presente sesi\u00f3n.<\/p>\n<p>\u2022 Cerrar:<br \/>\nSe oculta el aviso en la presente p\u00e1gina.<\/p>\n<p>\u2022 Modificar su configuraci\u00f3n:<br \/>\nPodr\u00e1 obtener m\u00e1s informaci\u00f3n sobre qu\u00e9 son las cookies, conocer la Pol\u00edtica de cookies de:<br \/>\nhttps:\/\/www.thepropertyagent.es\/ y modificar la configuraci\u00f3n de su navegador<\/p>\n","protected":false},"excerpt":{"rendered":"<p>Maria Celeste Alonso Urbino informa acerca del uso de las cookies en su p\u00e1gina web: https:\/\/www.thepropertyagent.es\/ \u00bfQu\u00e9 son las cookies? Las cookies son archivos que se pueden descargar en su equipo a trav\u00e9s de las p\u00e1ginas web. Son herramientas que tienen un papel esencial para la prestaci\u00f3n de numerosos servicios de la sociedad de la&#8230;<\/p>\n","protected":false},"author":1,"featured_media":0,"parent":0,"menu_order":0,"comment_status":"closed","ping_status":"closed","template":"templates\/template-fullwidth.php","meta":{"_acf_changed":false,"footnotes":""},"class_list":["post-16017","page","type-page","status-publish","hentry"],"acf":[],"yoast_head":"<!-- This site is optimized with the Yoast SEO plugin v25.6 - https:\/\/yoast.com\/wordpress\/plugins\/seo\/ -->\n<title>Politica De Cookies<\/title>\n<meta name=\"robots\" content=\"index, follow, max-snippet:-1, max-image-preview:large, max-video-preview:-1\" \/>\n<link rel=\"canonical\" href=\"https:\/\/thepropertyagent.es\/es\/politica-de-cookies\/\" \/>\n<meta property=\"og:locale\" content=\"es_ES\" \/>\n<meta property=\"og:type\" content=\"article\" \/>\n<meta property=\"og:title\" content=\"Politica De Cookies\" \/>\n<meta property=\"og:description\" content=\"Maria Celeste Alonso Urbino informa acerca del uso de las cookies en su p\u00e1gina web: https:\/\/www.thepropertyagent.es\/ \u00bfQu\u00e9 son las cookies? Las cookies son archivos que se pueden descargar en su equipo a trav\u00e9s de las p\u00e1ginas web. Son herramientas que tienen un papel esencial para la prestaci\u00f3n de numerosos servicios de la sociedad de la...\" \/>\n<meta property=\"og:url\" content=\"https:\/\/thepropertyagent.es\/es\/politica-de-cookies\/\" \/>\n<meta property=\"og:site_name\" content=\"New Build &amp; Off-Plan Costa del Sol | The Property Agent\" \/>\n<meta property=\"article:publisher\" content=\"https:\/\/www.facebook.com\/celestealonsothepropertyagent\/?ref=aymt_homepage_panel\" \/>\n<meta name=\"twitter:card\" content=\"summary_large_image\" \/>\n<meta name=\"twitter:site\" content=\"@Celeste_Alonso1\" \/>\n<meta name=\"twitter:label1\" content=\"Tiempo de lectura\" \/>\n\t<meta name=\"twitter:data1\" content=\"6 minutos\" \/>\n<script type=\"application\/ld+json\" class=\"yoast-schema-graph\">{\"@context\":\"https:\/\/schema.org\",\"@graph\":[{\"@type\":\"WebPage\",\"@id\":\"https:\/\/thepropertyagent.es\/es\/politica-de-cookies\/\",\"url\":\"https:\/\/thepropertyagent.es\/es\/politica-de-cookies\/\",\"name\":\"Politica De Cookies\",\"isPartOf\":{\"@id\":\"https:\/\/thepropertyagent.es\/es\/#website\"},\"datePublished\":\"2018-07-22T21:35:36+00:00\",\"breadcrumb\":{\"@id\":\"https:\/\/thepropertyagent.es\/es\/politica-de-cookies\/#breadcrumb\"},\"inLanguage\":\"es\",\"potentialAction\":[{\"@type\":\"ReadAction\",\"target\":[\"https:\/\/thepropertyagent.es\/es\/politica-de-cookies\/\"]}]},{\"@type\":\"BreadcrumbList\",\"@id\":\"https:\/\/thepropertyagent.es\/es\/politica-de-cookies\/#breadcrumb\",\"itemListElement\":[{\"@type\":\"ListItem\",\"position\":1,\"name\":\"Home\",\"item\":\"https:\/\/thepropertyagent.es\/es\/\"},{\"@type\":\"ListItem\",\"position\":2,\"name\":\"Politica De Cookies\"}]},{\"@type\":\"WebSite\",\"@id\":\"https:\/\/thepropertyagent.es\/es\/#website\",\"url\":\"https:\/\/thepropertyagent.es\/es\/\",\"name\":\"New Build &amp; Off-Plan Costa del Sol | The Property Agent\",\"description\":\"New &amp; off-plan luxury properties for sale in Costa del Sol, Spain\",\"publisher\":{\"@id\":\"https:\/\/thepropertyagent.es\/es\/#organization\"},\"potentialAction\":[{\"@type\":\"SearchAction\",\"target\":{\"@type\":\"EntryPoint\",\"urlTemplate\":\"https:\/\/thepropertyagent.es\/es\/?s={search_term_string}\"},\"query-input\":{\"@type\":\"PropertyValueSpecification\",\"valueRequired\":true,\"valueName\":\"search_term_string\"}}],\"inLanguage\":\"es\"},{\"@type\":\"Organization\",\"@id\":\"https:\/\/thepropertyagent.es\/es\/#organization\",\"name\":\"The Property Agent\",\"url\":\"https:\/\/thepropertyagent.es\/es\/\",\"logo\":{\"@type\":\"ImageObject\",\"inLanguage\":\"es\",\"@id\":\"https:\/\/thepropertyagent.es\/es\/#\/schema\/logo\/image\/\",\"url\":\"https:\/\/thepropertyagent.es\/wp-content\/uploads\/2018\/02\/profile-picture.jpg\",\"contentUrl\":\"https:\/\/thepropertyagent.es\/wp-content\/uploads\/2018\/02\/profile-picture.jpg\",\"width\":500,\"height\":500,\"caption\":\"The Property Agent\"},\"image\":{\"@id\":\"https:\/\/thepropertyagent.es\/es\/#\/schema\/logo\/image\/\"},\"sameAs\":[\"https:\/\/www.facebook.com\/celestealonsothepropertyagent\/?ref=aymt_homepage_panel\",\"https:\/\/x.com\/Celeste_Alonso1\",\"https:\/\/www.instagram.com\/celestealonso78\/\",\"https:\/\/www.linkedin.com\/in\/celeste-alonso-866b531b\/\",\"https:\/\/www.youtube.com\/channel\/UC1Bdro4vrCVwSfMkBUcg9gA\"]}]}<\/script>\n<!-- \/ Yoast SEO plugin. -->","yoast_head_json":{"title":"Politica De Cookies","robots":{"index":"index","follow":"follow","max-snippet":"max-snippet:-1","max-image-preview":"max-image-preview:large","max-video-preview":"max-video-preview:-1"},"canonical":"https:\/\/thepropertyagent.es\/es\/politica-de-cookies\/","og_locale":"es_ES","og_type":"article","og_title":"Politica De Cookies","og_description":"Maria Celeste Alonso Urbino informa acerca del uso de las cookies en su p\u00e1gina web: https:\/\/www.thepropertyagent.es\/ \u00bfQu\u00e9 son las cookies? Las cookies son archivos que se pueden descargar en su equipo a trav\u00e9s de las p\u00e1ginas web. Son herramientas que tienen un papel esencial para la prestaci\u00f3n de numerosos servicios de la sociedad de la...","og_url":"https:\/\/thepropertyagent.es\/es\/politica-de-cookies\/","og_site_name":"New Build &amp; Off-Plan Costa del Sol | The Property Agent","article_publisher":"https:\/\/www.facebook.com\/celestealonsothepropertyagent\/?ref=aymt_homepage_panel","twitter_card":"summary_large_image","twitter_site":"@Celeste_Alonso1","twitter_misc":{"Tiempo de lectura":"6 minutos"},"schema":{"@context":"https:\/\/schema.org","@graph":[{"@type":"WebPage","@id":"https:\/\/thepropertyagent.es\/es\/politica-de-cookies\/","url":"https:\/\/thepropertyagent.es\/es\/politica-de-cookies\/","name":"Politica De Cookies","isPartOf":{"@id":"https:\/\/thepropertyagent.es\/es\/#website"},"datePublished":"2018-07-22T21:35:36+00:00","breadcrumb":{"@id":"https:\/\/thepropertyagent.es\/es\/politica-de-cookies\/#breadcrumb"},"inLanguage":"es","potentialAction":[{"@type":"ReadAction","target":["https:\/\/thepropertyagent.es\/es\/politica-de-cookies\/"]}]},{"@type":"BreadcrumbList","@id":"https:\/\/thepropertyagent.es\/es\/politica-de-cookies\/#breadcrumb","itemListElement":[{"@type":"ListItem","position":1,"name":"Home","item":"https:\/\/thepropertyagent.es\/es\/"},{"@type":"ListItem","position":2,"name":"Politica De Cookies"}]},{"@type":"WebSite","@id":"https:\/\/thepropertyagent.es\/es\/#website","url":"https:\/\/thepropertyagent.es\/es\/","name":"New Build &amp; Off-Plan Costa del Sol | The Property Agent","description":"New &amp; off-plan luxury properties for sale in Costa del Sol, Spain","publisher":{"@id":"https:\/\/thepropertyagent.es\/es\/#organization"},"potentialAction":[{"@type":"SearchAction","target":{"@type":"EntryPoint","urlTemplate":"https:\/\/thepropertyagent.es\/es\/?s={search_term_string}"},"query-input":{"@type":"PropertyValueSpecification","valueRequired":true,"valueName":"search_term_string"}}],"inLanguage":"es"},{"@type":"Organization","@id":"https:\/\/thepropertyagent.es\/es\/#organization","name":"The Property Agent","url":"https:\/\/thepropertyagent.es\/es\/","logo":{"@type":"ImageObject","inLanguage":"es","@id":"https:\/\/thepropertyagent.es\/es\/#\/schema\/logo\/image\/","url":"https:\/\/thepropertyagent.es\/wp-content\/uploads\/2018\/02\/profile-picture.jpg","contentUrl":"https:\/\/thepropertyagent.es\/wp-content\/uploads\/2018\/02\/profile-picture.jpg","width":500,"height":500,"caption":"The Property Agent"},"image":{"@id":"https:\/\/thepropertyagent.es\/es\/#\/schema\/logo\/image\/"},"sameAs":["https:\/\/www.facebook.com\/celestealonsothepropertyagent\/?ref=aymt_homepage_panel","https:\/\/x.com\/Celeste_Alonso1","https:\/\/www.instagram.com\/celestealonso78\/","https:\/\/www.linkedin.com\/in\/celeste-alonso-866b531b\/","https:\/\/www.youtube.com\/channel\/UC1Bdro4vrCVwSfMkBUcg9gA"]}]}},"_links":{"self":[{"href":"https:\/\/thepropertyagent.es\/es\/wp-json\/wp\/v2\/pages\/16017","targetHints":{"allow":["GET"]}}],"collection":[{"href":"https:\/\/thepropertyagent.es\/es\/wp-json\/wp\/v2\/pages"}],"about":[{"href":"https:\/\/thepropertyagent.es\/es\/wp-json\/wp\/v2\/types\/page"}],"author":[{"embeddable":true,"href":"https:\/\/thepropertyagent.es\/es\/wp-json\/wp\/v2\/users\/1"}],"replies":[{"embeddable":true,"href":"https:\/\/thepropertyagent.es\/es\/wp-json\/wp\/v2\/comments?post=16017"}],"version-history":[{"count":0,"href":"https:\/\/thepropertyagent.es\/es\/wp-json\/wp\/v2\/pages\/16017\/revisions"}],"wp:attachment":[{"href":"https:\/\/thepropertyagent.es\/es\/wp-json\/wp\/v2\/media?parent=16017"}],"curies":[{"name":"wp","href":"https:\/\/api.w.org\/{rel}","templated":true}]}}