{"id":16002,"date":"2018-07-19T20:54:52","date_gmt":"2018-07-19T20:54:52","guid":{"rendered":"https:\/\/www.thepropertyagent.es\/?page_id=16002"},"modified":"2018-07-19T21:48:55","modified_gmt":"2018-07-19T21:48:55","slug":"politica-de-privacidad","status":"publish","type":"page","link":"https:\/\/thepropertyagent.es\/es\/politica-de-privacidad\/","title":{"rendered":"Pol\u00edtica De Privacidad"},"content":{"rendered":"<h4>Protecci\u00f3n de datos de car\u00e1cter personal seg\u00fan el RGPD<\/h4>\n<p>Maria Celeste Alonso Urbino, en aplicaci\u00f3n de la normativa vigente en materia de protecci\u00f3n de datos de car\u00e1cter<br \/>\npersonal, informa que los datos personales que se recogen a trav\u00e9s de los formularios del Sitio web:<br \/>\n<a href=\"https:\/\/www.thepropertyagent.es\/\" target=\"_blank\" rel=\"noopener\">https:\/\/www.thepropertyagent.es\/<\/a>, se incluyen en los ficheros automatizados espec\u00edficos de usuarios de los servicios de<br \/>\nMaria Celeste Alonso Urbino<\/p>\n<p>La recogida y tratamiento automatizado de los datos de car\u00e1cter personal tiene como finalidad el mantenimiento de la<br \/>\nrelaci\u00f3n comercial y el desempe\u00f1o de tareas de informaci\u00f3n, formaci\u00f3n, asesoramiento y otras actividades propias de<br \/>\nMaria Celeste Alonso Urbino<\/p>\n<p>Estos datos \u00fanicamente ser\u00e1n cedidos a aquellas entidades que sean necesarias con el \u00fanico objetivo de dar<br \/>\ncumplimiento a la finalidad anteriormente expuesta.<\/p>\n<p>Maria Celeste Alonso Urbino adopta las medidas necesarias para garantizar la seguridad, integridad y confidencialidad<br \/>\nde los datos conforme a lo dispuesto en el Reglamento (UE) 2016\/679 del Parlamento Europeo y del Consejo, de 27 de<br \/>\nabril de 2016, relativo a la protecci\u00f3n de las personas f\u00edsicas en lo que respecta al tratamiento de datos personales y a<br \/>\nla libre circulaci\u00f3n de los mismos.<\/p>\n<p>El usuario podr\u00e1 en cualquier momento ejercitar los derechos de acceso, oposici\u00f3n, rectificaci\u00f3n, cancelaci\u00f3n, limitaci\u00f3n<br \/>\ny portabilidad reconocidos en el citado Reglamento (UE). El ejercicio de estos derechos puede realizarlo el propio<br \/>\nusuario a trav\u00e9s de email a: celeste@thepropertyagent.es o en la direcci\u00f3n: Urbanizaci\u00f3n El Casar Floresta 44, C.P.<br \/>\n11310 &#8211; Sotogrande (C\u00e1diz).<\/p>\n<p>El usuario manifiesta que todos los datos facilitados por \u00e9l son ciertos y correctos, y se compromete a mantenerlos<br \/>\nactualizados, comunicando los cambios a Maria Celeste Alonso Urbino<\/p>\n<h4>Finalidad del tratamiento de los datos personales:<\/h4>\n<p><strong>\u00bfCon qu\u00e9 finalidad trataremos tus datos personales?<\/strong><br \/>\nEn Maria Celeste Alonso Urbino, trataremos tus datos personales recabados a trav\u00e9s del Sitio Web:<br \/>\n<a href=\"https:\/\/www.thepropertyagent.es\/\" target=\"_blank\" rel=\"noopener\">https:\/\/www.thepropertyagent.es\/<\/a>, con las siguientes finalidades:<\/p>\n<ul>\n<li>1. En caso de contrataci\u00f3n de los bienes y servicios ofertados a trav\u00e9s de<br \/>\n<a href=\"https:\/\/www.thepropertyagent.es\/\" target=\"_blank\" rel=\"noopener\">https:\/\/www.thepropertyagent.es\/<\/a>, para mantener la relaci\u00f3n contractual, as\u00ed como la gesti\u00f3n,<br \/>\nadministraci\u00f3n, informaci\u00f3n, prestaci\u00f3n y mejora del servicio.<\/li>\n<li>2. Env\u00edo de informaci\u00f3n solicitada a trav\u00e9s de los formularios dispuestos en<br \/>\n<a href=\"https:\/\/www.thepropertyagent.es\/\" target=\"_blank\" rel=\"noopener\">https:\/\/www.thepropertyagent.es\/<\/a>.<\/li>\n<li>3. Remitir boletines (newsletters), as\u00ed como comunicaciones comerciales de promociones y\/o publicidad<br \/>\nde <a href=\"https:\/\/www.thepropertyagent.es\/\" target=\"_blank\" rel=\"noopener\">https:\/\/www.thepropertyagent.es\/<\/a> y del sector.<\/li>\n<\/ul>\n<p>Te recordamos que puedes oponerte al env\u00edo de comunicaciones comerciales por cualquier v\u00eda y en cualquier<br \/>\nmomento, remitiendo un correo electr\u00f3nico a la direcci\u00f3n anteriormente indicada.<\/p>\n<p>Los campos de dichos registros son de cumplimentaci\u00f3n obligatoria, siendo imposible realizar las finalidades<br \/>\nexpresadas si no se aportan esos datos.<\/p>\n<p><strong>\u00bfPor cu\u00e1nto tiempo se conservan los datos personales recabados?<\/strong><\/p>\n<p>Los datos personales proporcionados se conservar\u00e1n mientras se mantenga la relaci\u00f3n comercial o no solicites su<br \/>\nsupresi\u00f3n y durante el plazo por el cu\u00e1l pudieran derivarse responsabilidades legales por los servicios prestados.<\/p>\n<h4>Legitimaci\u00f3n:<\/h4>\n<p>El tratamiento de tus datos se realiza con las siguientes bases jur\u00eddicas que legitiman el mismo:<\/p>\n<ul>\n<li>1. La solicitud de informaci\u00f3n y\/o la contrataci\u00f3n de los servicios de Maria Celeste Alonso Urbino, cuyos<br \/>\nt\u00e9rminos y condiciones se pondr\u00e1n a tu disposici\u00f3n en todo caso, de forma previa a una eventual<br \/>\ncontrataci\u00f3n.<\/li>\n<li>2. El consentimiento libre, espec\u00edfico, informado e inequ\u00edvoco, en tanto que te informamos poniendo a tu<br \/>\ndisposici\u00f3n la presente pol\u00edtica de privacidad, que tras la lectura de la misma, en caso de estar<br \/>\nconforme, puedes aceptar mediante una declaraci\u00f3n o una clara acci\u00f3n afirmativa, como el marcado<br \/>\nde una casilla dispuesta al efecto.<\/li>\n<\/ul>\n<p>En caso de que no nos facilites tus datos o lo hagas de forma err\u00f3nea o incompleta, no podremos atender tu solicitud,<br \/>\nresultando del todo imposible proporcionarte la informaci\u00f3n solicitada o llevar a cabo la contrataci\u00f3n de los servicios.<\/p>\n<h4>Destinatarios:<\/h4>\n<p>Los datos no se comunicar\u00e1n a ning\u00fan tercero ajeno a Maria Celeste Alonso Urbino, salvo obligaci\u00f3n legal.<\/p>\n<p>Como encargados de tratamiento, tenemos contratados a los siguientes proveedores de servicios, habi\u00e9ndose<br \/>\ncomprometido al cumplimiento de las disposiciones normativas, de aplicaci\u00f3n en materia de protecci\u00f3n de datos, en el<br \/>\nmomento de su contrataci\u00f3n:<\/p>\n<h4>Datos recopilados por usuarios de los servicios<\/h4>\n<p>En los casos en que el usuario incluya ficheros con datos de car\u00e1cter personal en los servidores de alojamiento<br \/>\ncompartido, Maria Celeste Alonso Urbino no se hace responsable del incumplimiento por parte del usuario del RGPD.<\/p>\n<h4>Retenci\u00f3n de datos en conformidad a la LSSI<\/h4>\n<p>Maria Celeste Alonso Urbino informa de que, como prestador de servicio de alojamiento de datos y en virtud de lo<br \/>\nestablecido en la Ley 34\/2002 de 11 de julio de Servicios de la Sociedad de la Informaci\u00f3n y de Comercio Electr\u00f3nico<br \/>\n(LSSI), retiene por un periodo m\u00e1ximo de 12 meses la informaci\u00f3n imprescindible para identificar el origen de los datos<br \/>\nalojados y el momento en que se inici\u00f3 la prestaci\u00f3n del servicio. La retenci\u00f3n de estos datos no afecta al secreto de las<br \/>\ncomunicaciones y s\u00f3lo podr\u00e1n ser utilizados en el marco de una investigaci\u00f3n criminal o para la salvaguardia de la<br \/>\nseguridad p\u00fablica, poni\u00e9ndose a disposici\u00f3n de los jueces y\/o tribunales o del Ministerio que as\u00ed los requiera.<\/p>\n<p>La comunicaci\u00f3n de datos a las Fuerzas y Cuerpos del Estado se har\u00e1 en virtud a lo dispuesto en la normativa sobre<br \/>\nprotecci\u00f3n de datos personales.<\/p>\n<h4>Derechos propiedad intelectual <a href=\"https:\/\/www.thepropertyagent.es\/\" target=\"_blank\" rel=\"noopener\">https:\/\/www.thepropertyagent.es\/<\/a><\/h4>\n<p>Maria Celeste Alonso Urbino es titular de todos los derechos de autor, propiedad intelectual, industrial, \u00abknow how\u00bb y<br \/>\ncuantos otros derechos guardan relaci\u00f3n con los contenidos del sitio web <a href=\"https:\/\/www.thepropertyagent.es\/\" target=\"_blank\" rel=\"noopener\">https:\/\/www.thepropertyagent.es\/<\/a> y los<br \/>\nservicios ofertados en el mismo, as\u00ed como de los programas necesarios para su implementaci\u00f3n y la informaci\u00f3n<br \/>\nrelacionada.<\/p>\n<p>No se permite la reproducci\u00f3n, publicaci\u00f3n y\/o uso no estrictamente privado de los contenidos, totales o parciales, del<br \/>\nsitio web <a href=\"https:\/\/www.thepropertyagent.es\/\" target=\"_blank\" rel=\"noopener\">https:\/\/www.thepropertyagent.es\/<\/a> sin el consentimiento previo y por escrito.<\/p>\n<h4>Propiedad intelectual del software<\/h4>\n<p>El usuario debe respetar los programas de terceros puestos a su disposici\u00f3n por Maria Celeste Alonso Urbino, a\u00fan<br \/>\nsiendo gratuitos y\/o de disposici\u00f3n p\u00fablica.<\/p>\n<p>Maria Celeste Alonso Urbino dispone de los derechos de explotaci\u00f3n y propiedad intelectual necesarios del software.<br \/>\nEl usuario no adquiere derecho alguno o licencia por el servicio contratado, sobre el software necesario para la<br \/>\nprestaci\u00f3n del servicio, ni tampoco sobre la informaci\u00f3n t\u00e9cnica de seguimiento del servicio, excepci\u00f3n hecha de los<br \/>\nderechos y licencias necesarios para el cumplimiento de los servicios contratados y \u00fanicamente durante la duraci\u00f3n de<br \/>\nlos mismos.<\/p>\n<p>Para toda actuaci\u00f3n que exceda del cumplimiento del contrato, el usuario necesitar\u00e1 autorizaci\u00f3n por escrito por parte<br \/>\nde Maria Celeste Alonso Urbino, quedando prohibido al usuario acceder, modificar, visualizar la configuraci\u00f3n,<br \/>\nestructura y ficheros de los servidores propiedad de Maria Celeste Alonso Urbino, asumiendo la responsabilidad civil y<br \/>\npenal derivada de cualquier incidencia que se pudiera producir en los servidores y sistemas de seguridad como<br \/>\nconsecuencia directa de una actuaci\u00f3n negligente o maliciosa por su parte.<\/p>\n<h4>Propiedad intelectual de los contenidos alojados<\/h4>\n<p>Se proh\u00edbe el uso contrario a la legislaci\u00f3n sobre propiedad intelectual de los servicios prestados por Maria Celeste<br \/>\nAlonso Urbino y, en particular de:<\/p>\n<ul>\n<li>La utilizaci\u00f3n que resulte contraria a las leyes espa\u00f1olas o que infrinja los derechos de terceros.<\/li>\n<li>La publicaci\u00f3n o la transmisi\u00f3n de cualquier contenido que, a juicio de Maria Celeste Alonso Urbino,<br \/>\nresulte violento, obsceno, abusivo, ilegal, racial, xen\u00f3fobo o difamatorio.<\/li>\n<li>Los cracks, n\u00fameros de serie de programas o cualquier otro contenido que vulnere derechos de la<br \/>\npropiedad intelectual de terceros.<\/li>\n<li>La recogida y\/o utilizaci\u00f3n de datos personales de otros usuarios sin su consentimiento expreso o<br \/>\ncontraviniendo lo dispuesto en el Reglamento (UE) 2016\/679 del Parlamento Europeo y del Consejo, de<br \/>\n27 de abril de 2016, relativo a la protecci\u00f3n de las personas f\u00edsicas en lo que respecta al tratamiento de<br \/>\ndatos personales y a la libre circulaci\u00f3n de los mismos.<\/li>\n<li>La utilizaci\u00f3n del servidor de correo del dominio y de las direcciones de correo electr\u00f3nico para el env\u00edo<br \/>\nde correo masivo no deseado.<\/li>\n<\/ul>\n<p>El usuario tiene toda la responsabilidad sobre el contenido de su web, la informaci\u00f3n transmitida y almacenada, los<br \/>\nenlaces de hipertexto, las reivindicaciones de terceros y las acciones legales en referencia a propiedad intelectual,<br \/>\nderechos de terceros y protecci\u00f3n de menores.<\/p>\n<p>El usuario es responsable respecto a las leyes y reglamentos en vigor y las reglas que tienen que ver con el<br \/>\nfuncionamiento del servicio online, comercio electr\u00f3nico, derechos de autor, mantenimiento del orden p\u00fablico, as\u00ed como<br \/>\nprincipios universales de uso de Internet.<\/p>\n<p>El usuario indemnizar\u00e1 a Maria Celeste Alonso Urbino por los gastos que generara la imputaci\u00f3n de Maria Celeste<br \/>\nAlonso Urbino en alguna causa cuya responsabilidad fuera atribuible al usuario, incluidos honorarios y gastos de<br \/>\ndefensa jur\u00eddica, incluso en el caso de una decisi\u00f3n judicial no definitiva.<\/p>\n<h4>Protecci\u00f3n de la informaci\u00f3n alojada<\/h4>\n<p>Maria Celeste Alonso Urbino realiza copias de seguridad de los contenidos alojados en sus servidores, sin embargo no<br \/>\nse responsabiliza de la p\u00e9rdida o el borrado accidental de los datos por parte de los usuarios. De igual manera, no<br \/>\ngarantiza la reposici\u00f3n total de los datos borrados por los usuarios, ya que los citados datos podr\u00edan haber sido<br \/>\nsuprimidos y\/o modificados durante el periodo del tiempo transcurrido desde la \u00faltima copia de seguridad.<\/p>\n<p>Los servicios ofertados, excepto los servicios espec\u00edficos de backup, no incluyen la reposici\u00f3n de los contenidos<br \/>\nconservados en las copias de seguridad realizadas por Maria Celeste Alonso Urbino, cuando esta p\u00e9rdida sea<br \/>\nimputable al usuario; en este caso, se determinar\u00e1 una tarifa acorde a la complejidad y volumen de la recuperaci\u00f3n,<br \/>\nsiempre previa aceptaci\u00f3n del usuario.<\/p>\n<p>La reposici\u00f3n de datos borrados s\u00f3lo est\u00e1 incluida en el precio del servicio cuando la p\u00e9rdida del contenido sea debida<br \/>\na causas atribuibles a Maria Celeste Alonso Urbino.<\/p>\n<h4>Comunicaciones comerciales<\/h4>\n<p>En aplicaci\u00f3n de la LSSI. Maria Celeste Alonso Urbino no enviar\u00e1 comunicaciones publicitarias o promocionales por<br \/>\ncorreo electr\u00f3nico u otro medio de comunicaci\u00f3n electr\u00f3nica equivalente que previamente no hubieran sido solicitadas o<br \/>\nexpresamente autorizadas por los destinatarios de las mismas.<\/p>\n<p>En el caso de usuarios con los que exista una relaci\u00f3n contractual previa, Maria Celeste Alonso Urbino s\u00ed est\u00e1<br \/>\nautorizado al env\u00edo de comunicaciones comerciales referentes a productos o servicios de Maria Celeste Alonso Urbino<br \/>\nque sean similares a los que inicialmente fueron objeto de contrataci\u00f3n con el cliente.<\/p>\n<p>En todo caso, el usuario, tras acreditar su identidad, podr\u00e1 solicitar que no se le haga llegar m\u00e1s informaci\u00f3n comercial<br \/>\na trav\u00e9s de los canales de Atenci\u00f3n al Cliente.<\/p>\n","protected":false},"excerpt":{"rendered":"<p>Protecci\u00f3n de datos de car\u00e1cter personal seg\u00fan el RGPD Maria Celeste Alonso Urbino, en aplicaci\u00f3n de la normativa vigente en materia de protecci\u00f3n de datos de car\u00e1cter personal, informa que los datos personales que se recogen a trav\u00e9s de los formularios del Sitio web: https:\/\/www.thepropertyagent.es\/, se incluyen en los ficheros automatizados espec\u00edficos de usuarios de&#8230;<\/p>\n","protected":false},"author":1,"featured_media":0,"parent":0,"menu_order":0,"comment_status":"closed","ping_status":"closed","template":"templates\/template-fullwidth.php","meta":{"_acf_changed":false,"footnotes":""},"class_list":["post-16002","page","type-page","status-publish","hentry"],"acf":[],"yoast_head":"<!-- This site is optimized with the Yoast SEO plugin v25.6 - https:\/\/yoast.com\/wordpress\/plugins\/seo\/ -->\n<title>Pol\u00edtica De Privacidad<\/title>\n<meta name=\"robots\" content=\"index, follow, max-snippet:-1, max-image-preview:large, max-video-preview:-1\" \/>\n<link rel=\"canonical\" href=\"https:\/\/thepropertyagent.es\/es\/politica-de-privacidad\/\" \/>\n<meta property=\"og:locale\" content=\"es_ES\" \/>\n<meta property=\"og:type\" content=\"article\" \/>\n<meta property=\"og:title\" content=\"Pol\u00edtica De Privacidad\" \/>\n<meta property=\"og:description\" content=\"Protecci\u00f3n de datos de car\u00e1cter personal seg\u00fan el RGPD Maria Celeste Alonso Urbino, en aplicaci\u00f3n de la normativa vigente en materia de protecci\u00f3n de datos de car\u00e1cter personal, informa que los datos personales que se recogen a trav\u00e9s de los formularios del Sitio web: https:\/\/www.thepropertyagent.es\/, se incluyen en los ficheros automatizados espec\u00edficos de usuarios de...\" \/>\n<meta property=\"og:url\" content=\"https:\/\/thepropertyagent.es\/es\/politica-de-privacidad\/\" \/>\n<meta property=\"og:site_name\" content=\"New Build &amp; Off-Plan Costa del Sol | The Property Agent\" \/>\n<meta property=\"article:publisher\" content=\"https:\/\/www.facebook.com\/celestealonsothepropertyagent\/?ref=aymt_homepage_panel\" \/>\n<meta property=\"article:modified_time\" content=\"2018-07-19T21:48:55+00:00\" \/>\n<meta name=\"twitter:card\" content=\"summary_large_image\" \/>\n<meta name=\"twitter:site\" content=\"@Celeste_Alonso1\" \/>\n<meta name=\"twitter:label1\" content=\"Tiempo de lectura\" \/>\n\t<meta name=\"twitter:data1\" content=\"9 minutos\" \/>\n<script type=\"application\/ld+json\" class=\"yoast-schema-graph\">{\"@context\":\"https:\/\/schema.org\",\"@graph\":[{\"@type\":\"WebPage\",\"@id\":\"https:\/\/thepropertyagent.es\/es\/politica-de-privacidad\/\",\"url\":\"https:\/\/thepropertyagent.es\/es\/politica-de-privacidad\/\",\"name\":\"Pol\u00edtica De Privacidad\",\"isPartOf\":{\"@id\":\"https:\/\/thepropertyagent.es\/es\/#website\"},\"datePublished\":\"2018-07-19T20:54:52+00:00\",\"dateModified\":\"2018-07-19T21:48:55+00:00\",\"breadcrumb\":{\"@id\":\"https:\/\/thepropertyagent.es\/es\/politica-de-privacidad\/#breadcrumb\"},\"inLanguage\":\"es\",\"potentialAction\":[{\"@type\":\"ReadAction\",\"target\":[\"https:\/\/thepropertyagent.es\/es\/politica-de-privacidad\/\"]}]},{\"@type\":\"BreadcrumbList\",\"@id\":\"https:\/\/thepropertyagent.es\/es\/politica-de-privacidad\/#breadcrumb\",\"itemListElement\":[{\"@type\":\"ListItem\",\"position\":1,\"name\":\"Home\",\"item\":\"https:\/\/thepropertyagent.es\/es\/\"},{\"@type\":\"ListItem\",\"position\":2,\"name\":\"Pol\u00edtica De Privacidad\"}]},{\"@type\":\"WebSite\",\"@id\":\"https:\/\/thepropertyagent.es\/es\/#website\",\"url\":\"https:\/\/thepropertyagent.es\/es\/\",\"name\":\"New Build &amp; Off-Plan Costa del Sol | The Property Agent\",\"description\":\"New &amp; off-plan luxury properties for sale in Costa del Sol, Spain\",\"publisher\":{\"@id\":\"https:\/\/thepropertyagent.es\/es\/#organization\"},\"potentialAction\":[{\"@type\":\"SearchAction\",\"target\":{\"@type\":\"EntryPoint\",\"urlTemplate\":\"https:\/\/thepropertyagent.es\/es\/?s={search_term_string}\"},\"query-input\":{\"@type\":\"PropertyValueSpecification\",\"valueRequired\":true,\"valueName\":\"search_term_string\"}}],\"inLanguage\":\"es\"},{\"@type\":\"Organization\",\"@id\":\"https:\/\/thepropertyagent.es\/es\/#organization\",\"name\":\"The Property Agent\",\"url\":\"https:\/\/thepropertyagent.es\/es\/\",\"logo\":{\"@type\":\"ImageObject\",\"inLanguage\":\"es\",\"@id\":\"https:\/\/thepropertyagent.es\/es\/#\/schema\/logo\/image\/\",\"url\":\"https:\/\/thepropertyagent.es\/wp-content\/uploads\/2018\/02\/profile-picture.jpg\",\"contentUrl\":\"https:\/\/thepropertyagent.es\/wp-content\/uploads\/2018\/02\/profile-picture.jpg\",\"width\":500,\"height\":500,\"caption\":\"The Property Agent\"},\"image\":{\"@id\":\"https:\/\/thepropertyagent.es\/es\/#\/schema\/logo\/image\/\"},\"sameAs\":[\"https:\/\/www.facebook.com\/celestealonsothepropertyagent\/?ref=aymt_homepage_panel\",\"https:\/\/x.com\/Celeste_Alonso1\",\"https:\/\/www.instagram.com\/celestealonso78\/\",\"https:\/\/www.linkedin.com\/in\/celeste-alonso-866b531b\/\",\"https:\/\/www.youtube.com\/channel\/UC1Bdro4vrCVwSfMkBUcg9gA\"]}]}<\/script>\n<!-- \/ Yoast SEO plugin. -->","yoast_head_json":{"title":"Pol\u00edtica De Privacidad","robots":{"index":"index","follow":"follow","max-snippet":"max-snippet:-1","max-image-preview":"max-image-preview:large","max-video-preview":"max-video-preview:-1"},"canonical":"https:\/\/thepropertyagent.es\/es\/politica-de-privacidad\/","og_locale":"es_ES","og_type":"article","og_title":"Pol\u00edtica De Privacidad","og_description":"Protecci\u00f3n de datos de car\u00e1cter personal seg\u00fan el RGPD Maria Celeste Alonso Urbino, en aplicaci\u00f3n de la normativa vigente en materia de protecci\u00f3n de datos de car\u00e1cter personal, informa que los datos personales que se recogen a trav\u00e9s de los formularios del Sitio web: https:\/\/www.thepropertyagent.es\/, se incluyen en los ficheros automatizados espec\u00edficos de usuarios de...","og_url":"https:\/\/thepropertyagent.es\/es\/politica-de-privacidad\/","og_site_name":"New Build &amp; Off-Plan Costa del Sol | The Property Agent","article_publisher":"https:\/\/www.facebook.com\/celestealonsothepropertyagent\/?ref=aymt_homepage_panel","article_modified_time":"2018-07-19T21:48:55+00:00","twitter_card":"summary_large_image","twitter_site":"@Celeste_Alonso1","twitter_misc":{"Tiempo de lectura":"9 minutos"},"schema":{"@context":"https:\/\/schema.org","@graph":[{"@type":"WebPage","@id":"https:\/\/thepropertyagent.es\/es\/politica-de-privacidad\/","url":"https:\/\/thepropertyagent.es\/es\/politica-de-privacidad\/","name":"Pol\u00edtica De Privacidad","isPartOf":{"@id":"https:\/\/thepropertyagent.es\/es\/#website"},"datePublished":"2018-07-19T20:54:52+00:00","dateModified":"2018-07-19T21:48:55+00:00","breadcrumb":{"@id":"https:\/\/thepropertyagent.es\/es\/politica-de-privacidad\/#breadcrumb"},"inLanguage":"es","potentialAction":[{"@type":"ReadAction","target":["https:\/\/thepropertyagent.es\/es\/politica-de-privacidad\/"]}]},{"@type":"BreadcrumbList","@id":"https:\/\/thepropertyagent.es\/es\/politica-de-privacidad\/#breadcrumb","itemListElement":[{"@type":"ListItem","position":1,"name":"Home","item":"https:\/\/thepropertyagent.es\/es\/"},{"@type":"ListItem","position":2,"name":"Pol\u00edtica De Privacidad"}]},{"@type":"WebSite","@id":"https:\/\/thepropertyagent.es\/es\/#website","url":"https:\/\/thepropertyagent.es\/es\/","name":"New Build &amp; Off-Plan Costa del Sol | The Property Agent","description":"New &amp; off-plan luxury properties for sale in Costa del Sol, Spain","publisher":{"@id":"https:\/\/thepropertyagent.es\/es\/#organization"},"potentialAction":[{"@type":"SearchAction","target":{"@type":"EntryPoint","urlTemplate":"https:\/\/thepropertyagent.es\/es\/?s={search_term_string}"},"query-input":{"@type":"PropertyValueSpecification","valueRequired":true,"valueName":"search_term_string"}}],"inLanguage":"es"},{"@type":"Organization","@id":"https:\/\/thepropertyagent.es\/es\/#organization","name":"The Property Agent","url":"https:\/\/thepropertyagent.es\/es\/","logo":{"@type":"ImageObject","inLanguage":"es","@id":"https:\/\/thepropertyagent.es\/es\/#\/schema\/logo\/image\/","url":"https:\/\/thepropertyagent.es\/wp-content\/uploads\/2018\/02\/profile-picture.jpg","contentUrl":"https:\/\/thepropertyagent.es\/wp-content\/uploads\/2018\/02\/profile-picture.jpg","width":500,"height":500,"caption":"The Property Agent"},"image":{"@id":"https:\/\/thepropertyagent.es\/es\/#\/schema\/logo\/image\/"},"sameAs":["https:\/\/www.facebook.com\/celestealonsothepropertyagent\/?ref=aymt_homepage_panel","https:\/\/x.com\/Celeste_Alonso1","https:\/\/www.instagram.com\/celestealonso78\/","https:\/\/www.linkedin.com\/in\/celeste-alonso-866b531b\/","https:\/\/www.youtube.com\/channel\/UC1Bdro4vrCVwSfMkBUcg9gA"]}]}},"_links":{"self":[{"href":"https:\/\/thepropertyagent.es\/es\/wp-json\/wp\/v2\/pages\/16002","targetHints":{"allow":["GET"]}}],"collection":[{"href":"https:\/\/thepropertyagent.es\/es\/wp-json\/wp\/v2\/pages"}],"about":[{"href":"https:\/\/thepropertyagent.es\/es\/wp-json\/wp\/v2\/types\/page"}],"author":[{"embeddable":true,"href":"https:\/\/thepropertyagent.es\/es\/wp-json\/wp\/v2\/users\/1"}],"replies":[{"embeddable":true,"href":"https:\/\/thepropertyagent.es\/es\/wp-json\/wp\/v2\/comments?post=16002"}],"version-history":[{"count":0,"href":"https:\/\/thepropertyagent.es\/es\/wp-json\/wp\/v2\/pages\/16002\/revisions"}],"wp:attachment":[{"href":"https:\/\/thepropertyagent.es\/es\/wp-json\/wp\/v2\/media?parent=16002"}],"curies":[{"name":"wp","href":"https:\/\/api.w.org\/{rel}","templated":true}]}}